{"id":910,"date":"2023-09-28T16:48:11","date_gmt":"2023-09-28T16:48:11","guid":{"rendered":"https:\/\/compraconproposito.ec\/vitrina-digital\/?post_type=product&#038;p=910"},"modified":"2023-09-28T17:12:02","modified_gmt":"2023-09-28T17:12:02","slug":"boleritos","status":"publish","type":"product","link":"https:\/\/compraconproposito.ec\/vitrina-digital\/producto\/boleritos\/","title":{"rendered":"Boleritos"},"content":{"rendered":"\t\t<div data-elementor-type=\"product-post\" data-elementor-id=\"910\" class=\"elementor elementor-910\">\n\t\t\t\t\t\t<section class=\"elementor-section elementor-top-section elementor-element elementor-element-207de45e elementor-section-boxed elementor-section-height-default elementor-section-height-default\" data-id=\"207de45e\" data-element_type=\"section\">\n\t\t\t\t\t\t<div class=\"elementor-container elementor-column-gap-default\">\n\t\t\t\t\t<div class=\"elementor-column elementor-col-100 elementor-top-column elementor-element elementor-element-724805fb\" data-id=\"724805fb\" data-element_type=\"column\">\n\t\t\t<div class=\"elementor-widget-wrap elementor-element-populated\">\n\t\t\t\t\t\t<div class=\"elementor-element elementor-element-76eb412 elementor-widget elementor-widget-text-editor\" data-id=\"76eb412\" data-element_type=\"widget\" data-widget_type=\"text-editor.default\">\n\t\t\t\t<div class=\"elementor-widget-container\">\n\t\t\t\t\t\t\t<p>1. Traje enterizo ciclismo de ruta o monta\u00f1a de manga corta, sublimado. Tela de lycra con protecci\u00f3n solar, fast-dry y con buena elongaci\u00f3n para la pr\u00e1ctica del deporte, banda siliconada en las mangas y piernas para mejor fijaci\u00f3n, cierre frontal y bolsillos en la parte posterior. Badana de gel de alta densidad con dise\u00f1o anat\u00f3mico. La badana viene acorde al modelo de dama o de caballero, con corte especifico de acuerdo con el sexo.<\/p><p>2. Traje de ba\u00f1o para ni\u00f1os o ni\u00f1as tipo surf. Elaborado en tela de lycra de secado r\u00e1pido, con protecci\u00f3n solar. Buzo sublimado en el pecho o en una manga y short llano con forro para proteger las partes intimas y evitar el rose con las costuras. (puedes pedirlo personalizado).<br \/><br \/>3. Traje de ba\u00f1o para ni\u00f1a con combinaci\u00f3n de colores, sublimado y forrado para evitar transparencias. Puedes personalizar colores y estampados.<br \/><br \/>4. Traje de ba\u00f1o para ni\u00f1o o ni\u00f1o enterizo con manga larga, sublimado en el pecho, elaborado en tela de lycra de alto rendimiento, perfecto para realizar nataci\u00f3n, ir a la playa o piscina, cierre en la parte frontal, protecci\u00f3n solar y de secado r\u00e1pido.<\/p><p><strong>Tel\u00e9fono:<\/strong> 0997591533<br \/><br \/><\/p>\t\t\t\t\t\t<\/div>\n\t\t\t\t<\/div>\n\t\t\t\t\t<\/div>\n\t\t<\/div>\n\t\t\t\t\t<\/div>\n\t\t<\/section>\n\t\t\t\t<section class=\"elementor-section elementor-top-section elementor-element elementor-element-e6ba9b6 elementor-section-boxed elementor-section-height-default elementor-section-height-default\" data-id=\"e6ba9b6\" data-element_type=\"section\">\n\t\t\t\t\t\t<div class=\"elementor-container elementor-column-gap-default\">\n\t\t\t\t\t<div class=\"elementor-column elementor-col-100 elementor-top-column elementor-element elementor-element-bc18260\" data-id=\"bc18260\" data-element_type=\"column\">\n\t\t\t<div class=\"elementor-widget-wrap elementor-element-populated\">\n\t\t\t\t\t\t<div class=\"elementor-element elementor-element-1a14693 elementor-widget elementor-widget-heading\" data-id=\"1a14693\" data-element_type=\"widget\" data-widget_type=\"heading.default\">\n\t\t\t\t<div class=\"elementor-widget-container\">\n\t\t\t<h4 class=\"elementor-heading-title elementor-size-default\">S\u00edguenos en nuestras redes sociales:<\/h4>\t\t<\/div>\n\t\t\t\t<\/div>\n\t\t\t\t<div class=\"elementor-element elementor-element-3c0b246 e-grid-align-left elementor-shape-rounded elementor-grid-0 elementor-widget elementor-widget-social-icons\" data-id=\"3c0b246\" data-element_type=\"widget\" data-widget_type=\"social-icons.default\">\n\t\t\t\t<div class=\"elementor-widget-container\">\n\t\t\t\t\t<div class=\"elementor-social-icons-wrapper elementor-grid\">\n\t\t\t\t\t\t\t<span class=\"elementor-grid-item\">\n\t\t\t\t\t<a class=\"elementor-icon elementor-social-icon elementor-social-icon-instagram elementor-repeater-item-8c6f8b0\" href=\"https:\/\/instagram.com\/boleritoskids\" target=\"_blank\">\n\t\t\t\t\t\t<span class=\"elementor-screen-only\">Instagram<\/span>\n\t\t\t\t\t\t<i class=\"fab fa-instagram\"><\/i>\t\t\t\t\t<\/a>\n\t\t\t\t<\/span>\n\t\t\t\t\t<\/div>\n\t\t\t\t<\/div>\n\t\t\t\t<\/div>\n\t\t\t\t<div class=\"elementor-element elementor-element-b6eac58 elementor-woo-meta--view-inline elementor-widget elementor-widget-woocommerce-product-meta\" data-id=\"b6eac58\" data-element_type=\"widget\" data-widget_type=\"woocommerce-product-meta.default\">\n\t\t\t\t<div class=\"elementor-widget-container\">\n\t\t\t\t\t<div class=\"product_meta\">\n\n\t\t\t\n\t\t\t\n\t\t\t\t\t\t\t<span class=\"posted_in detail-container\"><span class=\"detail-label\">Category<\/span> <span class=\"detail-content\"><a href=\"https:\/\/compraconproposito.ec\/vitrina-digital\/categoria\/empredimientos\/\" rel=\"tag\">empredimientos<\/a><\/span><\/span>\n\t\t\t\n\t\t\t\n\t\t\t\n\t\t<\/div>\n\t\t\t\t<\/div>\n\t\t\t\t<\/div>\n\t\t\t\t\t<\/div>\n\t\t<\/div>\n\t\t\t\t\t<\/div>\n\t\t<\/section>\n\t\t\t\t<\/div>\n\t\t","protected":false},"excerpt":{"rendered":"<p>La pandemia de Covid-19 fue un momento dif\u00edcil para muchos, incluy\u00e9ndome a m\u00ed. Perd\u00ed mi trabajo y me encontr\u00e9 sin saber qu\u00e9 hacer a continuaci\u00f3n. Pero en medio de la incertidumbre, surgi\u00f3 una oportunidad.<\/p>\n<p>Comenc\u00e9 a pasar m\u00e1s tiempo en mi hogar, reflexionando sobre lo que realmente quer\u00eda en mi vida. Record\u00e9 que siempre hab\u00eda amado los trajes de ba\u00f1o y c\u00f3mo pod\u00edan hacerte sentir segura, sexy y c\u00f3moda en cualquier momento del a\u00f1o y luego, me di cuenta de que tambi\u00e9n hab\u00eda un vac\u00edo en el mercado de trajes de ba\u00f1o de ni\u00f1os y familiar: faltaba una marca que combinara la calidad, la comodidad y el estilo en una sola l\u00ednea.<\/p>\n<p>Fue entonces cuando tuve la idea de crear mi propia l\u00ednea de trajes de ba\u00f1o. Sab\u00eda que no ser\u00eda f\u00e1cil, especialmente durante una pandemia, pero estaba decidida a hacerlo funcionar. Comenc\u00e9 a investigar proveedores, dise\u00f1ar prototipos, establecer cuentas en redes sociales. Adem\u00e1s, aprovech\u00e9 la oportunidad para aprender todo lo que pudiera sobre la creaci\u00f3n de una marca en l\u00ednea.<\/p>\n<p>Fue un camino lleno de desaf\u00edos, pero tambi\u00e9n de muchas alegr\u00edas. A medida que mi l\u00ednea de trajes de ba\u00f1o tomaba forma, empec\u00e9 a recibir comentarios positivos de amigos y familiares. Adem\u00e1s, comenc\u00e9 a recibir pedidos de personas que hab\u00edan visto mi trabajo en l\u00ednea y quer\u00edan probar mis productos. Estaba emocionada de ver que mi marca estaba resonando con la gente y de que pod\u00eda ofrecerles una alternativa fresca y elegante en el mundo de los trajes de ba\u00f1o.<\/p>\n<p>As\u00ed fue como surgi\u00f3 mi emprendimiento de trajes de ba\u00f1o durante la pandemia de Covid-19. No fue f\u00e1cil, pero estoy agradecido por la oportunidad que tuve de convertir una situaci\u00f3n dif\u00edcil en algo positivo. Y estoy feliz de ver a d\u00f3nde me llevar\u00e1 este camino en el futuro.<\/p>\n","protected":false},"featured_media":912,"comment_status":"open","ping_status":"closed","template":"","meta":{"inline_featured_image":false,"_monsterinsights_skip_tracking":false,"_monsterinsights_sitenote_active":false,"_monsterinsights_sitenote_note":"","_monsterinsights_sitenote_category":0,"_uf_show_specific_survey":0,"_uf_disable_surveys":false,"site-sidebar-layout":"no-sidebar","site-content-layout":"page-builder","ast-site-content-layout":"","site-content-style":"default","site-sidebar-style":"default","ast-global-header-display":"","ast-banner-title-visibility":"","ast-main-header-display":"","ast-hfb-above-header-display":"","ast-hfb-below-header-display":"","ast-hfb-mobile-header-display":"","site-post-title":"disabled","ast-breadcrumbs-content":"","ast-featured-img":"disabled","footer-sml-layout":"","theme-transparent-header-meta":"default","adv-header-id-meta":"","stick-header-meta":"","header-above-stick-meta":"","header-main-stick-meta":"","header-below-stick-meta":"","astra-migrate-meta-layouts":"default","ast-page-background-enabled":"default","ast-page-background-meta":{"desktop":{"background-color":"var(--ast-global-color-4)","background-image":"","background-repeat":"repeat","background-position":"center center","background-size":"auto","background-attachment":"scroll","background-type":"","background-media":"","overlay-type":"","overlay-color":"","overlay-opacity":"","overlay-gradient":""},"tablet":{"background-color":"","background-image":"","background-repeat":"repeat","background-position":"center center","background-size":"auto","background-attachment":"scroll","background-type":"","background-media":"","overlay-type":"","overlay-color":"","overlay-opacity":"","overlay-gradient":""},"mobile":{"background-color":"","background-image":"","background-repeat":"repeat","background-position":"center center","background-size":"auto","background-attachment":"scroll","background-type":"","background-media":"","overlay-type":"","overlay-color":"","overlay-opacity":"","overlay-gradient":""}},"ast-content-background-meta":{"desktop":{"background-color":"var(--ast-global-color-5)","background-image":"","background-repeat":"repeat","background-position":"center center","background-size":"auto","background-attachment":"scroll","background-type":"","background-media":"","overlay-type":"","overlay-color":"","overlay-opacity":"","overlay-gradient":""},"tablet":{"background-color":"var(--ast-global-color-5)","background-image":"","background-repeat":"repeat","background-position":"center center","background-size":"auto","background-attachment":"scroll","background-type":"","background-media":"","overlay-type":"","overlay-color":"","overlay-opacity":"","overlay-gradient":""},"mobile":{"background-color":"var(--ast-global-color-5)","background-image":"","background-repeat":"repeat","background-position":"center center","background-size":"auto","background-attachment":"scroll","background-type":"","background-media":"","overlay-type":"","overlay-color":"","overlay-opacity":"","overlay-gradient":""}}},"product_cat":[32],"product_tag":[],"class_list":{"0":"post-910","1":"product","2":"type-product","3":"status-publish","4":"has-post-thumbnail","6":"product_cat-empredimientos","7":"desktop-align-left","8":"tablet-align-left","9":"mobile-align-left","11":"first","12":"instock","13":"shipping-taxable","14":"product-type-simple"},"aioseo_notices":[],"_links":{"self":[{"href":"https:\/\/compraconproposito.ec\/vitrina-digital\/wp-json\/wp\/v2\/product\/910"}],"collection":[{"href":"https:\/\/compraconproposito.ec\/vitrina-digital\/wp-json\/wp\/v2\/product"}],"about":[{"href":"https:\/\/compraconproposito.ec\/vitrina-digital\/wp-json\/wp\/v2\/types\/product"}],"replies":[{"embeddable":true,"href":"https:\/\/compraconproposito.ec\/vitrina-digital\/wp-json\/wp\/v2\/comments?post=910"}],"version-history":[{"count":4,"href":"https:\/\/compraconproposito.ec\/vitrina-digital\/wp-json\/wp\/v2\/product\/910\/revisions"}],"predecessor-version":[{"id":924,"href":"https:\/\/compraconproposito.ec\/vitrina-digital\/wp-json\/wp\/v2\/product\/910\/revisions\/924"}],"wp:featuredmedia":[{"embeddable":true,"href":"https:\/\/compraconproposito.ec\/vitrina-digital\/wp-json\/wp\/v2\/media\/912"}],"wp:attachment":[{"href":"https:\/\/compraconproposito.ec\/vitrina-digital\/wp-json\/wp\/v2\/media?parent=910"}],"wp:term":[{"taxonomy":"product_cat","embeddable":true,"href":"https:\/\/compraconproposito.ec\/vitrina-digital\/wp-json\/wp\/v2\/product_cat?post=910"},{"taxonomy":"product_tag","embeddable":true,"href":"https:\/\/compraconproposito.ec\/vitrina-digital\/wp-json\/wp\/v2\/product_tag?post=910"}],"curies":[{"name":"wp","href":"https:\/\/api.w.org\/{rel}","templated":true}]}}