{"id":777,"date":"2023-09-21T19:37:58","date_gmt":"2023-09-21T19:37:58","guid":{"rendered":"https:\/\/compraconproposito.ec\/vitrina-digital\/?post_type=product&#038;p=777"},"modified":"2025-12-19T20:47:53","modified_gmt":"2025-12-19T20:47:53","slug":"dalena","status":"publish","type":"product","link":"https:\/\/compraconproposito.ec\/vitrina-digital\/producto\/dalena\/","title":{"rendered":"Dalena"},"content":{"rendered":"\t\t<div data-elementor-type=\"product-post\" data-elementor-id=\"777\" class=\"elementor elementor-777\">\n\t\t\t\t\t\t<section class=\"elementor-section elementor-top-section elementor-element elementor-element-207de45e elementor-section-boxed elementor-section-height-default elementor-section-height-default\" data-id=\"207de45e\" data-element_type=\"section\">\n\t\t\t\t\t\t<div class=\"elementor-container elementor-column-gap-default\">\n\t\t\t\t\t<div class=\"elementor-column elementor-col-100 elementor-top-column elementor-element elementor-element-724805fb\" data-id=\"724805fb\" data-element_type=\"column\">\n\t\t\t<div class=\"elementor-widget-wrap elementor-element-populated\">\n\t\t\t\t\t\t<div class=\"elementor-element elementor-element-439d3ed2 elementor-widget__width-initial elementor-widget elementor-widget-text-editor\" data-id=\"439d3ed2\" data-element_type=\"widget\" data-widget_type=\"text-editor.default\">\n\t\t\t\t<div class=\"elementor-widget-container\">\n\t\t\t\t\t\t\t<p><strong><span style=\"font-style: inherit;\">Descripci\u00f3n<\/span><\/strong><\/p>\n<p>Ofrecemos chocolates gourmet y artesanales, elaborados con cacao fino de aroma, en presentaciones de 8, 15 y 30 unidades. Nuestros productos incluyen bombones, trufas, chocolates gourmet y grajeas, ideales para ferias o un regalo especial.<span style=\"font-style: inherit; font-weight: inherit;\">Disfruta de sabores \u00fanicos como hierbaluisa, maracuy\u00e1, vino espumante y turr\u00f3n con sal.<\/span><span style=\"font-style: inherit; font-weight: inherit;\">Realizamos env\u00edos a nivel nacional, asegurando que los env\u00edos a la costa se realicen con gel fr\u00edo para mantener la calidad de nuestros productos.<\/span><\/p>\n<p style=\"font-size: 16px; font-style: normal; font-weight: 400; text-align: start;\"><span style=\"font-weight: bold;\">PVD:<\/span><span>Mix de chocolate $5,00 <\/span><span>Grajeas $2,50 <\/span><span>8u $8,50 <\/span><span>15u $14,50 <\/span><span>30u $29<\/span><\/p>\n<p style=\"font-size: 16px; font-style: normal; font-weight: 400; text-align: start;\"><span style=\"font-weight: bold; font-style: inherit;\">Telef\u00f3no:<\/span><span style=\"color: rgba(39,37,90,var(--O42jJQ,1)); caret-color: rgb(39, 37, 90); text-align: justify; font-size: 1rem;\">0996004941<\/span><\/p>\n<p style=\"font-size: 16px; font-style: normal; font-weight: 400; text-align: start;\">\n<\/p><p style=\"font-size: 16px; font-style: normal; font-weight: 400; text-align: start;\"><span style=\"font-weight: bold;\">Ubicaci\u00f3n:<\/span>Quito\u2013 Ecuador<\/p>\t\t\t\t\t\t<\/div>\n\t\t\t\t<\/div>\n\t\t\t\t\t<\/div>\n\t\t<\/div>\n\t\t\t\t\t<\/div>\n\t\t<\/section>\n\t\t\t\t<section class=\"elementor-section elementor-top-section elementor-element elementor-element-e6ba9b6 elementor-section-boxed elementor-section-height-default elementor-section-height-default\" data-id=\"e6ba9b6\" data-element_type=\"section\">\n\t\t\t\t\t\t<div class=\"elementor-container elementor-column-gap-default\">\n\t\t\t\t\t<div class=\"elementor-column elementor-col-100 elementor-top-column elementor-element elementor-element-bc18260\" data-id=\"bc18260\" data-element_type=\"column\">\n\t\t\t<div class=\"elementor-widget-wrap elementor-element-populated\">\n\t\t\t\t\t\t<div class=\"elementor-element elementor-element-71b5a88 elementor-widget elementor-widget-heading\" data-id=\"71b5a88\" data-element_type=\"widget\" data-widget_type=\"heading.default\">\n\t\t\t\t<div class=\"elementor-widget-container\">\n\t\t\t<h4 class=\"elementor-heading-title elementor-size-default\">S\u00edguenos en nuestras redes sociales:<\/h4>\t\t<\/div>\n\t\t\t\t<\/div>\n\t\t\t\t<div class=\"elementor-element elementor-element-d335cb0 e-grid-align-left elementor-shape-rounded elementor-grid-0 elementor-widget elementor-widget-social-icons\" data-id=\"d335cb0\" data-element_type=\"widget\" data-widget_type=\"social-icons.default\">\n\t\t\t\t<div class=\"elementor-widget-container\">\n\t\t\t\t\t<div class=\"elementor-social-icons-wrapper elementor-grid\">\n\t\t\t\t\t\t\t<span class=\"elementor-grid-item\">\n\t\t\t\t\t<a class=\"elementor-icon elementor-social-icon elementor-social-icon-facebook elementor-repeater-item-01d2bab\" href=\"https:\/\/facebook.com\/dalenaecuador\" target=\"_blank\">\n\t\t\t\t\t\t<span class=\"elementor-screen-only\">Facebook<\/span>\n\t\t\t\t\t\t<i class=\"fab fa-facebook\"><\/i>\t\t\t\t\t<\/a>\n\t\t\t\t<\/span>\n\t\t\t\t\t\t\t<span class=\"elementor-grid-item\">\n\t\t\t\t\t<a class=\"elementor-icon elementor-social-icon elementor-social-icon-instagram elementor-repeater-item-8c6f8b0\" href=\"https:\/\/instagram.com\/dalenaecuador\" target=\"_blank\">\n\t\t\t\t\t\t<span class=\"elementor-screen-only\">Instagram<\/span>\n\t\t\t\t\t\t<i class=\"fab fa-instagram\"><\/i>\t\t\t\t\t<\/a>\n\t\t\t\t<\/span>\n\t\t\t\t\t<\/div>\n\t\t\t\t<\/div>\n\t\t\t\t<\/div>\n\t\t\t\t<div class=\"elementor-element elementor-element-9f8419f elementor-woo-meta--view-inline elementor-widget elementor-widget-woocommerce-product-meta\" data-id=\"9f8419f\" data-element_type=\"widget\" data-widget_type=\"woocommerce-product-meta.default\">\n\t\t\t\t<div class=\"elementor-widget-container\">\n\t\t\t\t\t<div class=\"product_meta\">\n\n\t\t\t\n\t\t\t\n\t\t\t\t\t\t\t<span class=\"posted_in detail-container\"><span class=\"detail-label\">Categories<\/span> <span class=\"detail-content\"><a href=\"https:\/\/compraconproposito.ec\/vitrina-digital\/categoria\/productos\/alimentos\/\" rel=\"tag\">Alimentos<\/a>, <a href=\"https:\/\/compraconproposito.ec\/vitrina-digital\/categoria\/productos\/\" rel=\"tag\">Productos<\/a><\/span><\/span>\n\t\t\t\n\t\t\t\t\t\t\t<span class=\"tagged_as detail-container\"><span class=\"detail-label\">Tag<\/span> <span class=\"detail-content\"><a href=\"https:\/\/compraconproposito.ec\/vitrina-digital\/etiqueta\/alimentos\/\" rel=\"tag\">Alimentos<\/a><\/span><\/span>\n\t\t\t\n\t\t\t\n\t\t<\/div>\n\t\t\t\t<\/div>\n\t\t\t\t<\/div>\n\t\t\t\t\t<\/div>\n\t\t<\/div>\n\t\t\t\t\t<\/div>\n\t\t<\/section>\n\t\t\t\t<\/div>\n\t\t","protected":false},"excerpt":{"rendered":"<p>Descripci\u00f3n Ofrecemos chocolates gourmet y artesanales, elaborados con cacao fino de aroma, en presentaciones de 8, 15 y 30 unidades. Nuestros productos incluyen bombones, trufas, chocolates gourmet y grajeas, ideales para ferias o un regalo especial.Disfruta de sabores \u00fanicos como hierbaluisa, maracuy\u00e1, vino espumante y turr\u00f3n con sal.Realizamos env\u00edos a nivel nacional, asegurando que los [&hellip;]<\/p>\n","protected":false},"featured_media":782,"comment_status":"open","ping_status":"closed","template":"","meta":{"inline_featured_image":false,"_monsterinsights_skip_tracking":false,"_monsterinsights_sitenote_active":false,"_monsterinsights_sitenote_note":"","_monsterinsights_sitenote_category":0,"_uf_show_specific_survey":0,"_uf_disable_surveys":false,"site-sidebar-layout":"no-sidebar","site-content-layout":"page-builder","ast-site-content-layout":"","site-content-style":"default","site-sidebar-style":"default","ast-global-header-display":"","ast-banner-title-visibility":"","ast-main-header-display":"","ast-hfb-above-header-display":"","ast-hfb-below-header-display":"","ast-hfb-mobile-header-display":"","site-post-title":"disabled","ast-breadcrumbs-content":"","ast-featured-img":"disabled","footer-sml-layout":"","theme-transparent-header-meta":"default","adv-header-id-meta":"","stick-header-meta":"","header-above-stick-meta":"","header-main-stick-meta":"","header-below-stick-meta":"","astra-migrate-meta-layouts":"default","ast-page-background-enabled":"default","ast-page-background-meta":{"desktop":{"background-color":"var(--ast-global-color-4)","background-image":"","background-repeat":"repeat","background-position":"center center","background-size":"auto","background-attachment":"scroll","background-type":"","background-media":"","overlay-type":"","overlay-color":"","overlay-opacity":"","overlay-gradient":""},"tablet":{"background-color":"","background-image":"","background-repeat":"repeat","background-position":"center center","background-size":"auto","background-attachment":"scroll","background-type":"","background-media":"","overlay-type":"","overlay-color":"","overlay-opacity":"","overlay-gradient":""},"mobile":{"background-color":"","background-image":"","background-repeat":"repeat","background-position":"center center","background-size":"auto","background-attachment":"scroll","background-type":"","background-media":"","overlay-type":"","overlay-color":"","overlay-opacity":"","overlay-gradient":""}},"ast-content-background-meta":{"desktop":{"background-color":"var(--ast-global-color-5)","background-image":"","background-repeat":"repeat","background-position":"center center","background-size":"auto","background-attachment":"scroll","background-type":"","background-media":"","overlay-type":"","overlay-color":"","overlay-opacity":"","overlay-gradient":""},"tablet":{"background-color":"var(--ast-global-color-5)","background-image":"","background-repeat":"repeat","background-position":"center center","background-size":"auto","background-attachment":"scroll","background-type":"","background-media":"","overlay-type":"","overlay-color":"","overlay-opacity":"","overlay-gradient":""},"mobile":{"background-color":"var(--ast-global-color-5)","background-image":"","background-repeat":"repeat","background-position":"center center","background-size":"auto","background-attachment":"scroll","background-type":"","background-media":"","overlay-type":"","overlay-color":"","overlay-opacity":"","overlay-gradient":""}}},"product_cat":[23,22],"product_tag":[33],"class_list":{"0":"post-777","1":"product","2":"type-product","3":"status-publish","4":"has-post-thumbnail","6":"product_cat-alimentos","7":"product_cat-productos","8":"product_tag-alimentos","9":"desktop-align-left","10":"tablet-align-left","11":"mobile-align-left","13":"first","14":"instock","15":"shipping-taxable","16":"purchasable","17":"product-type-simple"},"aioseo_notices":[],"_links":{"self":[{"href":"https:\/\/compraconproposito.ec\/vitrina-digital\/wp-json\/wp\/v2\/product\/777"}],"collection":[{"href":"https:\/\/compraconproposito.ec\/vitrina-digital\/wp-json\/wp\/v2\/product"}],"about":[{"href":"https:\/\/compraconproposito.ec\/vitrina-digital\/wp-json\/wp\/v2\/types\/product"}],"replies":[{"embeddable":true,"href":"https:\/\/compraconproposito.ec\/vitrina-digital\/wp-json\/wp\/v2\/comments?post=777"}],"version-history":[{"count":14,"href":"https:\/\/compraconproposito.ec\/vitrina-digital\/wp-json\/wp\/v2\/product\/777\/revisions"}],"predecessor-version":[{"id":4402,"href":"https:\/\/compraconproposito.ec\/vitrina-digital\/wp-json\/wp\/v2\/product\/777\/revisions\/4402"}],"wp:featuredmedia":[{"embeddable":true,"href":"https:\/\/compraconproposito.ec\/vitrina-digital\/wp-json\/wp\/v2\/media\/782"}],"wp:attachment":[{"href":"https:\/\/compraconproposito.ec\/vitrina-digital\/wp-json\/wp\/v2\/media?parent=777"}],"wp:term":[{"taxonomy":"product_cat","embeddable":true,"href":"https:\/\/compraconproposito.ec\/vitrina-digital\/wp-json\/wp\/v2\/product_cat?post=777"},{"taxonomy":"product_tag","embeddable":true,"href":"https:\/\/compraconproposito.ec\/vitrina-digital\/wp-json\/wp\/v2\/product_tag?post=777"}],"curies":[{"name":"wp","href":"https:\/\/api.w.org\/{rel}","templated":true}]}}