{"id":563,"date":"2023-09-14T16:40:16","date_gmt":"2023-09-14T16:40:16","guid":{"rendered":"https:\/\/compraconproposito.ec\/vitrina-digital\/?post_type=product&#038;p=563"},"modified":"2023-09-14T16:42:43","modified_gmt":"2023-09-14T16:42:43","slug":"kallari-2","status":"publish","type":"product","link":"https:\/\/compraconproposito.ec\/vitrina-digital\/producto\/kallari-2\/","title":{"rendered":"Kallari"},"content":{"rendered":"\t\t<div data-elementor-type=\"product-post\" data-elementor-id=\"563\" class=\"elementor elementor-563\">\n\t\t\t\t\t\t<section class=\"elementor-section elementor-top-section elementor-element elementor-element-207de45e elementor-section-boxed elementor-section-height-default elementor-section-height-default\" data-id=\"207de45e\" data-element_type=\"section\">\n\t\t\t\t\t\t<div class=\"elementor-container elementor-column-gap-default\">\n\t\t\t\t\t<div class=\"elementor-column elementor-col-100 elementor-top-column elementor-element elementor-element-724805fb\" data-id=\"724805fb\" data-element_type=\"column\">\n\t\t\t<div class=\"elementor-widget-wrap elementor-element-populated\">\n\t\t\t\t\t\t<div class=\"elementor-element elementor-element-76eb412 elementor-widget elementor-widget-text-editor\" data-id=\"76eb412\" data-element_type=\"widget\" data-widget_type=\"text-editor.default\">\n\t\t\t\t<div class=\"elementor-widget-container\">\n\t\t\t\t\t\t\t<p>Palabra kichwa que significa comienzo, historia de hombres, mujeres artesanos agricultores y emprendedores de la provincia de Napo. Comunidad kichwa a la cual, a partir de recuperar nuestras pr\u00e1cticas ancestrales de producci\u00f3n, valorizando el Sumak Kawsay como son los valores sociales, econ\u00f3micos, culturales, y ambientales.<\/p><p><strong>Tel\u00e9fono:<\/strong> 098 721 3955<br \/><strong>Web: <\/strong>www.kallari.com.ec<\/p>\t\t\t\t\t\t<\/div>\n\t\t\t\t<\/div>\n\t\t\t\t\t<\/div>\n\t\t<\/div>\n\t\t\t\t\t<\/div>\n\t\t<\/section>\n\t\t\t\t<section class=\"elementor-section elementor-top-section elementor-element elementor-element-e6ba9b6 elementor-section-boxed elementor-section-height-default elementor-section-height-default\" data-id=\"e6ba9b6\" data-element_type=\"section\">\n\t\t\t\t\t\t<div class=\"elementor-container elementor-column-gap-default\">\n\t\t\t\t\t<div class=\"elementor-column elementor-col-100 elementor-top-column elementor-element elementor-element-bc18260\" data-id=\"bc18260\" data-element_type=\"column\">\n\t\t\t<div class=\"elementor-widget-wrap elementor-element-populated\">\n\t\t\t\t\t\t<div class=\"elementor-element elementor-element-1a14693 elementor-widget elementor-widget-heading\" data-id=\"1a14693\" data-element_type=\"widget\" data-widget_type=\"heading.default\">\n\t\t\t\t<div class=\"elementor-widget-container\">\n\t\t\t<h4 class=\"elementor-heading-title elementor-size-default\">S\u00edguenos en nuestras redes sociales:<\/h4>\t\t<\/div>\n\t\t\t\t<\/div>\n\t\t\t\t<div class=\"elementor-element elementor-element-3c0b246 e-grid-align-left elementor-shape-rounded elementor-grid-0 elementor-widget elementor-widget-social-icons\" data-id=\"3c0b246\" data-element_type=\"widget\" data-widget_type=\"social-icons.default\">\n\t\t\t\t<div class=\"elementor-widget-container\">\n\t\t\t\t\t<div class=\"elementor-social-icons-wrapper elementor-grid\">\n\t\t\t\t\t\t\t<span class=\"elementor-grid-item\">\n\t\t\t\t\t<a class=\"elementor-icon elementor-social-icon elementor-social-icon-instagram elementor-repeater-item-8c6f8b0\" href=\"https:\/\/www.instagram.com\/kallari_chocolate\/\" target=\"_blank\">\n\t\t\t\t\t\t<span class=\"elementor-screen-only\">Instagram<\/span>\n\t\t\t\t\t\t<i class=\"fab fa-instagram\"><\/i>\t\t\t\t\t<\/a>\n\t\t\t\t<\/span>\n\t\t\t\t\t<\/div>\n\t\t\t\t<\/div>\n\t\t\t\t<\/div>\n\t\t\t\t<div class=\"elementor-element elementor-element-b6eac58 elementor-woo-meta--view-inline elementor-widget elementor-widget-woocommerce-product-meta\" data-id=\"b6eac58\" data-element_type=\"widget\" data-widget_type=\"woocommerce-product-meta.default\">\n\t\t\t\t<div class=\"elementor-widget-container\">\n\t\t\t\t\t<div class=\"product_meta\">\n\n\t\t\t\n\t\t\t\n\t\t\t\t\t\t\t<span class=\"posted_in detail-container\"><span class=\"detail-label\">Category<\/span> <span class=\"detail-content\"><a href=\"https:\/\/compraconproposito.ec\/vitrina-digital\/categoria\/empredimientos\/\" rel=\"tag\">empredimientos<\/a><\/span><\/span>\n\t\t\t\n\t\t\t\n\t\t\t\n\t\t<\/div>\n\t\t\t\t<\/div>\n\t\t\t\t<\/div>\n\t\t\t\t\t<\/div>\n\t\t<\/div>\n\t\t\t\t\t<\/div>\n\t\t<\/section>\n\t\t\t\t<\/div>\n\t\t","protected":false},"excerpt":{"rendered":"<p>Palabra kichwa que significa comienzo, historia de hombres, mujeres artesanos agricultores y emprendedores de la provincia de Napo. Comunidad kichwa a la cual, a partir de recuperar nuestras pr\u00e1cticas ancestrales de producci\u00f3n, valorizando el Sumak Kawsay como son los valores sociales, econ\u00f3micos, culturales, y ambientales.<\/p>\n<p>Con el apoyo de la Fundaci\u00f3n Jatun Sacha, cooperaci\u00f3n alemana y otros; se ha logrado establecer y cumplir grandes anhelos. Kallari no es solamente una barra de chocolate, se trata de una historia de 850 familias y m\u00e1s de 2,500 beneficiarios de Napo.<\/p>\n<p>Los inicios se dieron con una voluntaria en conjunto con la gente kichwa de la comunidad y de la mano de la fundaci\u00f3n Jatun Sacha; es as\u00ed que inicia un proceso de cambio en el a\u00f1o de 1997.<\/p>\n<p>Mientras que en el a\u00f1o 1999 la intenci\u00f3n de conseguir mercado directo para el cacao y caf\u00e9, incluso mejorar la calidad del producto e incrementar sus vol\u00famenes de producci\u00f3n sin perder calidad de su habitad cultural. Es en el 2000 se logra formar un proyecto con el financiamiento fondo ecuatoriano canadiense y la fundaci\u00f3n Jatun Sacha.<\/p>\n<p>El grupo estaba constituido por 21 comunidades en los cuales se realizaban talleres para la formaci\u00f3n de l\u00edderes, personal t\u00e9cnico, capacitaciones en tema de calidad, organizaci\u00f3n institucional y comercio. Al finalizar el proceso se consolida la organizaci\u00f3n comunitaria, decidiendo continuar unidos con objetivos de largo plazo.<\/p>\n<p>Reconocidos legalmente el 10 de diciembre del 2003, por le Ministerio de Comercio Exterior y Competividad. Empezando a cobrar fuerza con el objetivo de producir chocolate. Las primeras pruebas se elaboraron en la provincia de Bol\u00edvar en el Salinerito de Salinas de Guaranda.<\/p>\n<p>En el 2004 al 2005 se consigue vender cacao directamente a exportadores. En el 2006 se realiza la primera exportaci\u00f3n del contendor lleno con 12 toneladas y a su vez nace la nueva barra \u00abSacha\u00b4\u00b4 de la l\u00ednea Kallari que significa \u00abSelva\u00b4\u00b4 en kichwa.<\/p>\n<p>Debi\u00f3 al nivel de demanda los vemos obligado a buscar otra planta y la empresa Ecuatoriana empieza a trabajar junto a Kallari.<\/p>\n<p>Mientras que en el 2007 al 2008 pasamos a forma parte del mercado Europeo. De esta manera en el 2009 al 2012 para perfeccionar la organizaci\u00f3n Kallari; se toma en cuenta asesorar la cadena productiva del cacao fino de aroma, apoyar la certificaci\u00f3n en el sistema chakra, comercializaci\u00f3n, procesamiento y la elaboraci\u00f3n de artesan\u00edas y nuevos productos.<\/p>\n<p>Kallari obtuvo el premio en Italia como el \u00abCacao Valuarte del Ecuador\u00b4\u00b4 premio a la mejor barra de chocolate del mundo de 75% en San Francisco de los Estados Unidos.<\/p>\n<p>Kallari es el fundador de la mesa del cacao, pioneros y l\u00edderes en el cultivo sistema chakra, e iniciadores de la ruta del cacao.<\/p>\n","protected":false},"featured_media":557,"comment_status":"open","ping_status":"closed","template":"","meta":{"inline_featured_image":false,"_monsterinsights_skip_tracking":false,"_monsterinsights_sitenote_active":false,"_monsterinsights_sitenote_note":"","_monsterinsights_sitenote_category":0,"_uf_show_specific_survey":0,"_uf_disable_surveys":false,"site-sidebar-layout":"no-sidebar","site-content-layout":"page-builder","ast-site-content-layout":"","site-content-style":"default","site-sidebar-style":"default","ast-global-header-display":"","ast-banner-title-visibility":"","ast-main-header-display":"","ast-hfb-above-header-display":"","ast-hfb-below-header-display":"","ast-hfb-mobile-header-display":"","site-post-title":"disabled","ast-breadcrumbs-content":"","ast-featured-img":"disabled","footer-sml-layout":"","theme-transparent-header-meta":"default","adv-header-id-meta":"","stick-header-meta":"","header-above-stick-meta":"","header-main-stick-meta":"","header-below-stick-meta":"","astra-migrate-meta-layouts":"default","ast-page-background-enabled":"default","ast-page-background-meta":{"desktop":{"background-color":"var(--ast-global-color-4)","background-image":"","background-repeat":"repeat","background-position":"center center","background-size":"auto","background-attachment":"scroll","background-type":"","background-media":"","overlay-type":"","overlay-color":"","overlay-opacity":"","overlay-gradient":""},"tablet":{"background-color":"","background-image":"","background-repeat":"repeat","background-position":"center center","background-size":"auto","background-attachment":"scroll","background-type":"","background-media":"","overlay-type":"","overlay-color":"","overlay-opacity":"","overlay-gradient":""},"mobile":{"background-color":"","background-image":"","background-repeat":"repeat","background-position":"center center","background-size":"auto","background-attachment":"scroll","background-type":"","background-media":"","overlay-type":"","overlay-color":"","overlay-opacity":"","overlay-gradient":""}},"ast-content-background-meta":{"desktop":{"background-color":"var(--ast-global-color-5)","background-image":"","background-repeat":"repeat","background-position":"center center","background-size":"auto","background-attachment":"scroll","background-type":"","background-media":"","overlay-type":"","overlay-color":"","overlay-opacity":"","overlay-gradient":""},"tablet":{"background-color":"var(--ast-global-color-5)","background-image":"","background-repeat":"repeat","background-position":"center center","background-size":"auto","background-attachment":"scroll","background-type":"","background-media":"","overlay-type":"","overlay-color":"","overlay-opacity":"","overlay-gradient":""},"mobile":{"background-color":"var(--ast-global-color-5)","background-image":"","background-repeat":"repeat","background-position":"center center","background-size":"auto","background-attachment":"scroll","background-type":"","background-media":"","overlay-type":"","overlay-color":"","overlay-opacity":"","overlay-gradient":""}}},"product_cat":[32],"product_tag":[],"class_list":{"0":"post-563","1":"product","2":"type-product","3":"status-publish","4":"has-post-thumbnail","6":"product_cat-empredimientos","7":"desktop-align-left","8":"tablet-align-left","9":"mobile-align-left","11":"first","12":"instock","13":"shipping-taxable","14":"product-type-simple"},"aioseo_notices":[],"_links":{"self":[{"href":"https:\/\/compraconproposito.ec\/vitrina-digital\/wp-json\/wp\/v2\/product\/563"}],"collection":[{"href":"https:\/\/compraconproposito.ec\/vitrina-digital\/wp-json\/wp\/v2\/product"}],"about":[{"href":"https:\/\/compraconproposito.ec\/vitrina-digital\/wp-json\/wp\/v2\/types\/product"}],"replies":[{"embeddable":true,"href":"https:\/\/compraconproposito.ec\/vitrina-digital\/wp-json\/wp\/v2\/comments?post=563"}],"version-history":[{"count":5,"href":"https:\/\/compraconproposito.ec\/vitrina-digital\/wp-json\/wp\/v2\/product\/563\/revisions"}],"predecessor-version":[{"id":568,"href":"https:\/\/compraconproposito.ec\/vitrina-digital\/wp-json\/wp\/v2\/product\/563\/revisions\/568"}],"wp:featuredmedia":[{"embeddable":true,"href":"https:\/\/compraconproposito.ec\/vitrina-digital\/wp-json\/wp\/v2\/media\/557"}],"wp:attachment":[{"href":"https:\/\/compraconproposito.ec\/vitrina-digital\/wp-json\/wp\/v2\/media?parent=563"}],"wp:term":[{"taxonomy":"product_cat","embeddable":true,"href":"https:\/\/compraconproposito.ec\/vitrina-digital\/wp-json\/wp\/v2\/product_cat?post=563"},{"taxonomy":"product_tag","embeddable":true,"href":"https:\/\/compraconproposito.ec\/vitrina-digital\/wp-json\/wp\/v2\/product_tag?post=563"}],"curies":[{"name":"wp","href":"https:\/\/api.w.org\/{rel}","templated":true}]}}