{"id":347,"date":"2023-07-17T16:48:43","date_gmt":"2023-07-17T16:48:43","guid":{"rendered":"https:\/\/clientes.kubekdigital.com\/crisfe\/?post_type=product&#038;p=347"},"modified":"2023-11-22T19:21:40","modified_gmt":"2023-11-22T19:21:40","slug":"los-roques","status":"publish","type":"product","link":"https:\/\/compraconproposito.ec\/vitrina-digital\/producto\/los-roques\/","title":{"rendered":"Los Roques"},"content":{"rendered":"\t\t<div data-elementor-type=\"product-post\" data-elementor-id=\"347\" class=\"elementor elementor-347\">\n\t\t\t\t\t\t<section class=\"elementor-section elementor-top-section elementor-element elementor-element-207de45e elementor-section-boxed elementor-section-height-default elementor-section-height-default\" data-id=\"207de45e\" data-element_type=\"section\">\n\t\t\t\t\t\t<div class=\"elementor-container elementor-column-gap-default\">\n\t\t\t\t\t<div class=\"elementor-column elementor-col-100 elementor-top-column elementor-element elementor-element-724805fb\" data-id=\"724805fb\" data-element_type=\"column\">\n\t\t\t<div class=\"elementor-widget-wrap elementor-element-populated\">\n\t\t\t\t\t\t<div class=\"elementor-element elementor-element-76eb412 elementor-widget elementor-widget-text-editor\" data-id=\"76eb412\" data-element_type=\"widget\" data-widget_type=\"text-editor.default\">\n\t\t\t\t<div class=\"elementor-widget-container\">\n\t\t\t\t\t\t\t<p>Cada pa\u00eds tiene su propia gastronom\u00eda navide\u00f1a y por supuesto, Venezuela no se queda atr\u00e1s; desde las hallacas, pasando por la ensalada de gallina y terminando en el pan de jam\u00f3n la cena del 24 y 31 de diciembre es siempre un fest\u00edn al paladar.<\/p><p>Una de las\u00a0tradiciones que a pesar de la distancia se ha tratado de mantener viva ha sido la del\u00a0ponche crema, una\u00a0bebida cremosa de color blanco marfil, que puede ser servida con o sin alcohol, bastante hielo y Canela molida o en rama para darle un toque personal tanto en sabor como aroma, la misma suele ofrecerse a\u00a0las visitas durante las fiestas el cual, nos hace sentir un poco\u00a0m\u00e1s cerca de nuestro terru\u00f1o.<\/p><p>\u00a0<\/p><p><strong>Tel\u00e9fono:<\/strong> 0984246283<\/p>\t\t\t\t\t\t<\/div>\n\t\t\t\t<\/div>\n\t\t\t\t\t<\/div>\n\t\t<\/div>\n\t\t\t\t\t<\/div>\n\t\t<\/section>\n\t\t\t\t<section class=\"elementor-section elementor-top-section elementor-element elementor-element-e6ba9b6 elementor-hidden-mobile elementor-section-boxed elementor-section-height-default elementor-section-height-default\" data-id=\"e6ba9b6\" data-element_type=\"section\">\n\t\t\t\t\t\t<div class=\"elementor-container elementor-column-gap-default\">\n\t\t\t\t\t<div class=\"elementor-column elementor-col-100 elementor-top-column elementor-element elementor-element-bc18260\" data-id=\"bc18260\" data-element_type=\"column\">\n\t\t\t<div class=\"elementor-widget-wrap elementor-element-populated\">\n\t\t\t\t\t\t<div class=\"elementor-element elementor-element-1a14693 elementor-widget elementor-widget-heading\" data-id=\"1a14693\" data-element_type=\"widget\" data-widget_type=\"heading.default\">\n\t\t\t\t<div class=\"elementor-widget-container\">\n\t\t\t<h4 class=\"elementor-heading-title elementor-size-default\">S\u00edguenos en nuestras redes sociales:<\/h4>\t\t<\/div>\n\t\t\t\t<\/div>\n\t\t\t\t<div class=\"elementor-element elementor-element-3c0b246 e-grid-align-left elementor-shape-rounded elementor-grid-0 elementor-widget elementor-widget-social-icons\" data-id=\"3c0b246\" data-element_type=\"widget\" data-widget_type=\"social-icons.default\">\n\t\t\t\t<div class=\"elementor-widget-container\">\n\t\t\t\t\t<div class=\"elementor-social-icons-wrapper elementor-grid\">\n\t\t\t\t\t\t\t<span class=\"elementor-grid-item\">\n\t\t\t\t\t<a class=\"elementor-icon elementor-social-icon elementor-social-icon-instagram elementor-repeater-item-8c6f8b0\" href=\"https:\/\/www.instagram.com\/ponchec_losroques\/\" target=\"_blank\">\n\t\t\t\t\t\t<span class=\"elementor-screen-only\">Instagram<\/span>\n\t\t\t\t\t\t<i class=\"fab fa-instagram\"><\/i>\t\t\t\t\t<\/a>\n\t\t\t\t<\/span>\n\t\t\t\t\t<\/div>\n\t\t\t\t<\/div>\n\t\t\t\t<\/div>\n\t\t\t\t<div class=\"elementor-element elementor-element-b6eac58 elementor-woo-meta--view-inline elementor-widget elementor-widget-woocommerce-product-meta\" data-id=\"b6eac58\" data-element_type=\"widget\" data-widget_type=\"woocommerce-product-meta.default\">\n\t\t\t\t<div class=\"elementor-widget-container\">\n\t\t\t\t\t<div class=\"product_meta\">\n\n\t\t\t\n\t\t\t\n\t\t\t\t\t\t\t<span class=\"posted_in detail-container\"><span class=\"detail-label\">Categories<\/span> <span class=\"detail-content\"><a href=\"https:\/\/compraconproposito.ec\/vitrina-digital\/categoria\/empredimientos\/\" rel=\"tag\">empredimientos<\/a>, <a href=\"https:\/\/compraconproposito.ec\/vitrina-digital\/categoria\/empredimientos\/los-roques\/\" rel=\"tag\">Los Roques<\/a><\/span><\/span>\n\t\t\t\n\t\t\t\n\t\t\t\n\t\t<\/div>\n\t\t\t\t<\/div>\n\t\t\t\t<\/div>\n\t\t\t\t\t<\/div>\n\t\t<\/div>\n\t\t\t\t\t<\/div>\n\t\t<\/section>\n\t\t\t\t<\/div>\n\t\t","protected":false},"excerpt":{"rendered":"<p>Cada pa\u00eds tiene su propia gastronom\u00eda navide\u00f1a y por supuesto, Venezuela no se queda atr\u00e1s; desde las hallacas, pasando por la ensalada de gallina y terminando en el pan de jam\u00f3n la cena del 24 y 31 de diciembre es siempre un fest\u00edn al paladar.<\/p>\n<p>Una de las tradiciones que a pesar de la distancia se ha tratado de mantener viva ha sido la del ponche crema, una bebida cremosa de color blanco marfil, que puede ser servida con o sin alcohol, bastante hielo y Canela molida o en rama para darle un toque personal tanto en sabor como aroma, la misma suele ofrecerse a las visitas durante las fiestas el cual, nos hace sentir un poco m\u00e1s cerca de nuestro terru\u00f1o.<\/p>\n<p>Hoy d\u00eda, Nosotros; Los Roques By Rygkhen, hemos decidido traer parte de la cultura venezolana a este hermoso pa\u00eds, que brinda oportunidades tanto a nativos como a for\u00e1neos.<br \/>\nY es as\u00ed comienza nuestra historia&#8230;<\/p>\n<p>En agosto del 2016 llegamos al Ecuador, espec\u00edficamente a Cuenca, producto del gran \u00e9xodo venezolano en busca de nuevas oportunidades. Fue as\u00ed, como en diciembre de ese mismo a\u00f1o, como parte de aquellas tradiciones que tanto anhelamos, se intent\u00f3 crear el Ponche Crema recordando los sabores caracter\u00edsticos de la bebida para as\u00ed compartir entre amigos.<\/p>\n<p>Luego de varios intentos fallidos, de ensayo y error, logramos crear una receta bastante aceptable. Teniendo una grata aceptaci\u00f3n en aquella casa, decidimos llevarlo a nuestros sitios de trabajo para compartir con m\u00e1s compa\u00f1eros ya no solo venezolanos, sino ecuatorianos. Nuevamente la aceptaci\u00f3n fue rotunda.<br \/>\nDesde ese momento vimos una oportunidad de negocio.<\/p>\n<p>Ya en el a\u00f1o 2017, incursionamos en la creaci\u00f3n de una marca. La misma estar\u00eda registrada como LOS ROQUES. Tomando en cuenta cada una de las exigencias que dictan las leyes, nos llevaron a generar un producto de alta calidad que pretende unir pa\u00edses como Venezuela y Ecuador y de esta manera extender la cultura gastron\u00f3mica venezolana a este gran pa\u00eds.<\/p>\n<p>Hoy d\u00eda, Ponche Crema los Roques es la \u00fanica marca registrada de esta deliciosa bebida a lo largo y ancho del Ecuador, teniendo as\u00ed una gran aceptaci\u00f3n el cual poco a poco se va afianzando en el mercado y de esta manera, ocupando un espacio en cada mesa de cada familia de este lindo pa\u00eds.<\/p>\n<p>En el mes de noviembre del a\u00f1o 2019, fuimos nominados en la Convenci\u00f3n Internacional de Turismo celebrada en la ciudad de Guayaquil. en la categor\u00eda \u00abgastron\u00f3mica\u00bb el cual obtuvimos un reconocimiento a la excelencia por la Discover CIT. En el mes de diciembre fuimos nominados en la premiaci\u00f3n internacional \u00abEcuador Ama lo Nuestro\u00bb en la categor\u00eda \u00abEmpresa Promesa del Ecuador\u00bb, el cual logramos ganar, siendo reconocidos en 140 pa\u00edses logrando un buen estatus en el mercado local<\/p>\n","protected":false},"featured_media":349,"comment_status":"open","ping_status":"closed","template":"","meta":{"inline_featured_image":false,"_monsterinsights_skip_tracking":false,"_monsterinsights_sitenote_active":false,"_monsterinsights_sitenote_note":"","_monsterinsights_sitenote_category":0,"_uf_show_specific_survey":0,"_uf_disable_surveys":false,"site-sidebar-layout":"no-sidebar","site-content-layout":"page-builder","ast-site-content-layout":"","site-content-style":"default","site-sidebar-style":"default","ast-global-header-display":"","ast-banner-title-visibility":"","ast-main-header-display":"","ast-hfb-above-header-display":"","ast-hfb-below-header-display":"","ast-hfb-mobile-header-display":"","site-post-title":"disabled","ast-breadcrumbs-content":"","ast-featured-img":"disabled","footer-sml-layout":"","theme-transparent-header-meta":"default","adv-header-id-meta":"","stick-header-meta":"","header-above-stick-meta":"","header-main-stick-meta":"","header-below-stick-meta":"","astra-migrate-meta-layouts":"default","ast-page-background-enabled":"default","ast-page-background-meta":{"desktop":{"background-color":"var(--ast-global-color-4)","background-image":"","background-repeat":"repeat","background-position":"center center","background-size":"auto","background-attachment":"scroll","background-type":"","background-media":"","overlay-type":"","overlay-color":"","overlay-opacity":"","overlay-gradient":""},"tablet":{"background-color":"","background-image":"","background-repeat":"repeat","background-position":"center center","background-size":"auto","background-attachment":"scroll","background-type":"","background-media":"","overlay-type":"","overlay-color":"","overlay-opacity":"","overlay-gradient":""},"mobile":{"background-color":"","background-image":"","background-repeat":"repeat","background-position":"center center","background-size":"auto","background-attachment":"scroll","background-type":"","background-media":"","overlay-type":"","overlay-color":"","overlay-opacity":"","overlay-gradient":""}},"ast-content-background-meta":{"desktop":{"background-color":"var(--ast-global-color-5)","background-image":"","background-repeat":"repeat","background-position":"center center","background-size":"auto","background-attachment":"scroll","background-type":"","background-media":"","overlay-type":"","overlay-color":"","overlay-opacity":"","overlay-gradient":""},"tablet":{"background-color":"var(--ast-global-color-5)","background-image":"","background-repeat":"repeat","background-position":"center center","background-size":"auto","background-attachment":"scroll","background-type":"","background-media":"","overlay-type":"","overlay-color":"","overlay-opacity":"","overlay-gradient":""},"mobile":{"background-color":"var(--ast-global-color-5)","background-image":"","background-repeat":"repeat","background-position":"center center","background-size":"auto","background-attachment":"scroll","background-type":"","background-media":"","overlay-type":"","overlay-color":"","overlay-opacity":"","overlay-gradient":""}}},"product_cat":[32,52],"product_tag":[],"class_list":{"0":"post-347","1":"product","2":"type-product","3":"status-publish","4":"has-post-thumbnail","6":"product_cat-empredimientos","7":"product_cat-los-roques","8":"desktop-align-left","9":"tablet-align-left","10":"mobile-align-left","12":"first","13":"instock","14":"shipping-taxable","15":"product-type-simple"},"aioseo_notices":[],"_links":{"self":[{"href":"https:\/\/compraconproposito.ec\/vitrina-digital\/wp-json\/wp\/v2\/product\/347"}],"collection":[{"href":"https:\/\/compraconproposito.ec\/vitrina-digital\/wp-json\/wp\/v2\/product"}],"about":[{"href":"https:\/\/compraconproposito.ec\/vitrina-digital\/wp-json\/wp\/v2\/types\/product"}],"replies":[{"embeddable":true,"href":"https:\/\/compraconproposito.ec\/vitrina-digital\/wp-json\/wp\/v2\/comments?post=347"}],"version-history":[{"count":9,"href":"https:\/\/compraconproposito.ec\/vitrina-digital\/wp-json\/wp\/v2\/product\/347\/revisions"}],"predecessor-version":[{"id":1967,"href":"https:\/\/compraconproposito.ec\/vitrina-digital\/wp-json\/wp\/v2\/product\/347\/revisions\/1967"}],"wp:featuredmedia":[{"embeddable":true,"href":"https:\/\/compraconproposito.ec\/vitrina-digital\/wp-json\/wp\/v2\/media\/349"}],"wp:attachment":[{"href":"https:\/\/compraconproposito.ec\/vitrina-digital\/wp-json\/wp\/v2\/media?parent=347"}],"wp:term":[{"taxonomy":"product_cat","embeddable":true,"href":"https:\/\/compraconproposito.ec\/vitrina-digital\/wp-json\/wp\/v2\/product_cat?post=347"},{"taxonomy":"product_tag","embeddable":true,"href":"https:\/\/compraconproposito.ec\/vitrina-digital\/wp-json\/wp\/v2\/product_tag?post=347"}],"curies":[{"name":"wp","href":"https:\/\/api.w.org\/{rel}","templated":true}]}}