{"id":3255,"date":"2025-08-21T22:41:24","date_gmt":"2025-08-21T22:41:24","guid":{"rendered":"https:\/\/compraconproposito.ec\/vitrina-digital\/?post_type=product&#038;p=3255"},"modified":"2025-12-20T03:46:11","modified_gmt":"2025-12-20T03:46:11","slug":"kuyana-life","status":"publish","type":"product","link":"https:\/\/compraconproposito.ec\/vitrina-digital\/producto\/kuyana-life\/","title":{"rendered":"Kuyana Life"},"content":{"rendered":"\t\t<div data-elementor-type=\"product-post\" data-elementor-id=\"3255\" class=\"elementor elementor-3255\">\n\t\t\t\t\t\t<section class=\"elementor-section elementor-top-section elementor-element elementor-element-207de45e elementor-section-boxed elementor-section-height-default elementor-section-height-default\" data-id=\"207de45e\" data-element_type=\"section\">\n\t\t\t\t\t\t<div class=\"elementor-container elementor-column-gap-default\">\n\t\t\t\t\t<div class=\"elementor-column elementor-col-100 elementor-top-column elementor-element elementor-element-724805fb\" data-id=\"724805fb\" data-element_type=\"column\">\n\t\t\t<div class=\"elementor-widget-wrap elementor-element-populated\">\n\t\t\t\t\t\t<div class=\"elementor-element elementor-element-439d3ed2 elementor-widget elementor-widget-text-editor\" data-id=\"439d3ed2\" data-element_type=\"widget\" data-widget_type=\"text-editor.default\">\n\t\t\t\t<div class=\"elementor-widget-container\">\n\t\t\t\t\t\t\t<p><strong>Descripci\u00f3n<\/strong><\/p>\n<p><span>Torrejas de quinoa y amaranto, libres de gluten, alto valor proteico:<\/span><span> ideales para consumidores conscientes<\/span> <span>producto libre de gluten, bajo \u00edndice gluc\u00e9mico y alto valor nutricional, ideal para desayunos saludables o snacks energ\u00e9ticos. Conserva el sabor tradicional con un perfil nutricional mejorado.<\/span><\/p>\n<p><\/p>\n<p><span>Perfecto para tiendas especializadas, caf\u00e9s saludables y l\u00edneas corporativas de snack. emprendimiento ofrece torrejas elaboradas con una mezcla nutritiva de <\/span><span>quinoa y amaranto<\/span><span>, dos superalimentos andinos ricos en prote\u00ednas y amino\u00e1cidos esenciales.<\/span><\/p>\n<p><b>PVD<\/b>:&nbsp;Menor desde $6,30&nbsp;<span style=\"font-style: inherit; font-weight: inherit;\">Mayor desde $4,41<\/span><\/p>\n<p><b>Telef\u00f3no<\/b>:<span style=\"color: rgba(39,37,90,var(--O42jJQ,1)); caret-color: rgb(39, 37, 90); font-size: 1rem;\">099582 7377<\/span><\/p>\n<p><b>Ubicaci\u00f3n<\/b>:Quito\u2013 Ecuador<\/p>\t\t\t\t\t\t<\/div>\n\t\t\t\t<\/div>\n\t\t\t\t\t<\/div>\n\t\t<\/div>\n\t\t\t\t\t<\/div>\n\t\t<\/section>\n\t\t\t\t<section class=\"elementor-section elementor-top-section elementor-element elementor-element-e6ba9b6 elementor-section-boxed elementor-section-height-default elementor-section-height-default\" data-id=\"e6ba9b6\" data-element_type=\"section\">\n\t\t\t\t\t\t<div class=\"elementor-container elementor-column-gap-default\">\n\t\t\t\t\t<div class=\"elementor-column elementor-col-100 elementor-top-column elementor-element elementor-element-bc18260\" data-id=\"bc18260\" data-element_type=\"column\">\n\t\t\t<div class=\"elementor-widget-wrap elementor-element-populated\">\n\t\t\t\t\t\t<div class=\"elementor-element elementor-element-71b5a88 elementor-widget elementor-widget-heading\" data-id=\"71b5a88\" data-element_type=\"widget\" data-widget_type=\"heading.default\">\n\t\t\t\t<div class=\"elementor-widget-container\">\n\t\t\t<h4 class=\"elementor-heading-title elementor-size-default\">S\u00edguenos en nuestras redes sociales:<\/h4>\t\t<\/div>\n\t\t\t\t<\/div>\n\t\t\t\t<div class=\"elementor-element elementor-element-d335cb0 e-grid-align-left elementor-shape-rounded elementor-grid-0 elementor-widget elementor-widget-social-icons\" data-id=\"d335cb0\" data-element_type=\"widget\" data-widget_type=\"social-icons.default\">\n\t\t\t\t<div class=\"elementor-widget-container\">\n\t\t\t\t\t<div class=\"elementor-social-icons-wrapper elementor-grid\">\n\t\t\t\t\t\t\t<span class=\"elementor-grid-item\">\n\t\t\t\t\t<a class=\"elementor-icon elementor-social-icon elementor-social-icon-instagram elementor-repeater-item-a34ecca\" href=\"https:\/\/www.instagram.com\/kuyanalife\/\" target=\"_blank\">\n\t\t\t\t\t\t<span class=\"elementor-screen-only\">Instagram<\/span>\n\t\t\t\t\t\t<i class=\"fab fa-instagram\"><\/i>\t\t\t\t\t<\/a>\n\t\t\t\t<\/span>\n\t\t\t\t\t\t\t<span class=\"elementor-grid-item\">\n\t\t\t\t\t<a class=\"elementor-icon elementor-social-icon elementor-social-icon-facebook elementor-repeater-item-e234609\" href=\"https:\/\/www.facebook.com\/profile.php?id=100070324031942&#038;mibextid=ZbWKwL\" target=\"_blank\">\n\t\t\t\t\t\t<span class=\"elementor-screen-only\">Facebook<\/span>\n\t\t\t\t\t\t<i class=\"fab fa-facebook\"><\/i>\t\t\t\t\t<\/a>\n\t\t\t\t<\/span>\n\t\t\t\t\t<\/div>\n\t\t\t\t<\/div>\n\t\t\t\t<\/div>\n\t\t\t\t<div class=\"elementor-element elementor-element-9f8419f elementor-woo-meta--view-inline elementor-widget elementor-widget-woocommerce-product-meta\" data-id=\"9f8419f\" data-element_type=\"widget\" data-widget_type=\"woocommerce-product-meta.default\">\n\t\t\t\t<div class=\"elementor-widget-container\">\n\t\t\t\t\t<div class=\"product_meta\">\n\n\t\t\t\n\t\t\t\n\t\t\t\t\t\t\t<span class=\"posted_in detail-container\"><span class=\"detail-label\">Categories<\/span> <span class=\"detail-content\"><a href=\"https:\/\/compraconproposito.ec\/vitrina-digital\/categoria\/productos\/alimentos\/\" rel=\"tag\">Alimentos<\/a>, <a href=\"https:\/\/compraconproposito.ec\/vitrina-digital\/categoria\/productos\/\" rel=\"tag\">Productos<\/a><\/span><\/span>\n\t\t\t\n\t\t\t\t\t\t\t<span class=\"tagged_as detail-container\"><span class=\"detail-label\">Tag<\/span> <span class=\"detail-content\"><a href=\"https:\/\/compraconproposito.ec\/vitrina-digital\/etiqueta\/alimentos\/\" rel=\"tag\">Alimentos<\/a><\/span><\/span>\n\t\t\t\n\t\t\t\n\t\t<\/div>\n\t\t\t\t<\/div>\n\t\t\t\t<\/div>\n\t\t\t\t\t<\/div>\n\t\t<\/div>\n\t\t\t\t\t<\/div>\n\t\t<\/section>\n\t\t\t\t<\/div>\n\t\t","protected":false},"excerpt":{"rendered":"<p>Descripci\u00f3n Torrejas de quinoa y amaranto, libres de gluten, alto valor proteico: ideales para consumidores conscientes producto libre de gluten, bajo \u00edndice gluc\u00e9mico y alto valor nutricional, ideal para desayunos saludables o snacks energ\u00e9ticos. Conserva el sabor tradicional con un perfil nutricional mejorado. Perfecto para tiendas especializadas, caf\u00e9s saludables y l\u00edneas corporativas de snack. emprendimiento [&hellip;]<\/p>\n","protected":false},"featured_media":3905,"comment_status":"open","ping_status":"closed","template":"","meta":{"inline_featured_image":false,"_monsterinsights_skip_tracking":false,"_monsterinsights_sitenote_active":false,"_monsterinsights_sitenote_note":"","_monsterinsights_sitenote_category":0,"_uf_show_specific_survey":0,"_uf_disable_surveys":false,"site-sidebar-layout":"no-sidebar","site-content-layout":"page-builder","ast-site-content-layout":"full-width-container","site-content-style":"unboxed","site-sidebar-style":"unboxed","ast-global-header-display":"","ast-banner-title-visibility":"","ast-main-header-display":"","ast-hfb-above-header-display":"","ast-hfb-below-header-display":"","ast-hfb-mobile-header-display":"","site-post-title":"disabled","ast-breadcrumbs-content":"","ast-featured-img":"disabled","footer-sml-layout":"","theme-transparent-header-meta":"default","adv-header-id-meta":"","stick-header-meta":"","header-above-stick-meta":"","header-main-stick-meta":"","header-below-stick-meta":"","astra-migrate-meta-layouts":"set","ast-page-background-enabled":"default","ast-page-background-meta":{"desktop":{"background-color":"var(--ast-global-color-4)","background-image":"","background-repeat":"repeat","background-position":"center center","background-size":"auto","background-attachment":"scroll","background-type":"","background-media":"","overlay-type":"","overlay-color":"","overlay-opacity":"","overlay-gradient":""},"tablet":{"background-color":"","background-image":"","background-repeat":"repeat","background-position":"center center","background-size":"auto","background-attachment":"scroll","background-type":"","background-media":"","overlay-type":"","overlay-color":"","overlay-opacity":"","overlay-gradient":""},"mobile":{"background-color":"","background-image":"","background-repeat":"repeat","background-position":"center center","background-size":"auto","background-attachment":"scroll","background-type":"","background-media":"","overlay-type":"","overlay-color":"","overlay-opacity":"","overlay-gradient":""}},"ast-content-background-meta":{"desktop":{"background-color":"var(--ast-global-color-5)","background-image":"","background-repeat":"repeat","background-position":"center center","background-size":"auto","background-attachment":"scroll","background-type":"","background-media":"","overlay-type":"","overlay-color":"","overlay-opacity":"","overlay-gradient":""},"tablet":{"background-color":"var(--ast-global-color-5)","background-image":"","background-repeat":"repeat","background-position":"center center","background-size":"auto","background-attachment":"scroll","background-type":"","background-media":"","overlay-type":"","overlay-color":"","overlay-opacity":"","overlay-gradient":""},"mobile":{"background-color":"var(--ast-global-color-5)","background-image":"","background-repeat":"repeat","background-position":"center center","background-size":"auto","background-attachment":"scroll","background-type":"","background-media":"","overlay-type":"","overlay-color":"","overlay-opacity":"","overlay-gradient":""}}},"product_cat":[23,22],"product_tag":[33],"class_list":{"0":"post-3255","1":"product","2":"type-product","3":"status-publish","4":"has-post-thumbnail","6":"product_cat-alimentos","7":"product_cat-productos","8":"product_tag-alimentos","9":"desktop-align-left","10":"tablet-align-left","11":"mobile-align-left","13":"first","14":"instock","15":"shipping-taxable","16":"purchasable","17":"product-type-simple"},"aioseo_notices":[],"_links":{"self":[{"href":"https:\/\/compraconproposito.ec\/vitrina-digital\/wp-json\/wp\/v2\/product\/3255"}],"collection":[{"href":"https:\/\/compraconproposito.ec\/vitrina-digital\/wp-json\/wp\/v2\/product"}],"about":[{"href":"https:\/\/compraconproposito.ec\/vitrina-digital\/wp-json\/wp\/v2\/types\/product"}],"replies":[{"embeddable":true,"href":"https:\/\/compraconproposito.ec\/vitrina-digital\/wp-json\/wp\/v2\/comments?post=3255"}],"version-history":[{"count":14,"href":"https:\/\/compraconproposito.ec\/vitrina-digital\/wp-json\/wp\/v2\/product\/3255\/revisions"}],"predecessor-version":[{"id":4452,"href":"https:\/\/compraconproposito.ec\/vitrina-digital\/wp-json\/wp\/v2\/product\/3255\/revisions\/4452"}],"wp:featuredmedia":[{"embeddable":true,"href":"https:\/\/compraconproposito.ec\/vitrina-digital\/wp-json\/wp\/v2\/media\/3905"}],"wp:attachment":[{"href":"https:\/\/compraconproposito.ec\/vitrina-digital\/wp-json\/wp\/v2\/media?parent=3255"}],"wp:term":[{"taxonomy":"product_cat","embeddable":true,"href":"https:\/\/compraconproposito.ec\/vitrina-digital\/wp-json\/wp\/v2\/product_cat?post=3255"},{"taxonomy":"product_tag","embeddable":true,"href":"https:\/\/compraconproposito.ec\/vitrina-digital\/wp-json\/wp\/v2\/product_tag?post=3255"}],"curies":[{"name":"wp","href":"https:\/\/api.w.org\/{rel}","templated":true}]}}