{"id":2609,"date":"2025-05-19T21:12:45","date_gmt":"2025-05-19T21:12:45","guid":{"rendered":"https:\/\/compraconproposito.ec\/vitrina-digital\/?post_type=product&#038;p=2609"},"modified":"2025-05-19T21:23:51","modified_gmt":"2025-05-19T21:23:51","slug":"miski-miel","status":"publish","type":"product","link":"https:\/\/compraconproposito.ec\/vitrina-digital\/producto\/miski-miel\/","title":{"rendered":"Miski Miel"},"content":{"rendered":"\t\t<div data-elementor-type=\"product-post\" data-elementor-id=\"2609\" class=\"elementor elementor-2609\">\n\t\t\t\t\t\t<section class=\"elementor-section elementor-top-section elementor-element elementor-element-207de45e elementor-section-boxed elementor-section-height-default elementor-section-height-default\" data-id=\"207de45e\" data-element_type=\"section\">\n\t\t\t\t\t\t<div class=\"elementor-container elementor-column-gap-default\">\n\t\t\t\t\t<div class=\"elementor-column elementor-col-100 elementor-top-column elementor-element elementor-element-724805fb\" data-id=\"724805fb\" data-element_type=\"column\">\n\t\t\t<div class=\"elementor-widget-wrap elementor-element-populated\">\n\t\t\t\t\t\t<div class=\"elementor-element elementor-element-439d3ed2 elementor-widget elementor-widget-text-editor\" data-id=\"439d3ed2\" data-element_type=\"widget\" data-widget_type=\"text-editor.default\">\n\t\t\t\t<div class=\"elementor-widget-container\">\n\t\t\t\t\t\t\t<p><strong>Miel de abeja de Eucalipto\u00a0<\/strong><\/p><p><span style=\"font-weight: 400;\">La miel de abeja de floraci\u00f3n de eucalipto procedente de Cayambe es un aut\u00e9ntico tesoro de la apicultura que captura la esencia de la naturaleza en su m\u00e1xima expresi\u00f3n. En las colinas de Cayambe, donde los majestuosos \u00e1rboles de eucalipto se alzan hacia el cielo, las abejas encuentran una rica fuente de n\u00e9ctar y polen que se convierte en el coraz\u00f3n de esta miel \u00fanica.\u00a0<\/span><\/p><p><span style=\"font-weight: 400;\">Esta miel es de origen org\u00e1nico, lo que garantiza su pureza y la ausencia de residuos t\u00f3xicos. M\u00e1s all\u00e1 de su delicioso sabor y su color \u00e1mbar que refleja la luz ecuatoriana, esta miel es una fuente de salud.<\/span><\/p><p><span style=\"font-weight: 400;\"><strong>Miel de abeja de Sabaleto<\/strong>\u00a0<\/span><\/p><p><span style=\"font-weight: 400;\">El color cetrino de esta miel refleja la riqueza de los n\u00e9ctares de los \u00e1rboles de Sabaleto. Pero lo que realmente hace que esta miel sea excepcional es su sabor y aroma, que son verdaderamente ex\u00f3ticos y evocan deliciosos matices frutales.\u00a0<\/span><\/p><p><span style=\"font-weight: 400;\">Esta miel es m\u00e1s que una delicia para el paladar; tambi\u00e9n es una fuente de salud. Sus notas arom\u00e1ticas y sabores frutales se entrelazan en cada cucharada, creando una experiencia culinaria que es al mismo tiempo intrigante y deliciosamente diferente. Esta miel es rica en antioxidantes naturales que pueden contribuir a tu bienestar y proporcionarte una experiencia sensorial \u00fanica.\u00a0<\/span><\/p><p><strong>Polen de abeja Multifloral\u00a0<\/strong><\/p><p><span style=\"font-weight: 400;\">El polen de abejas alimentadas naturalmente, cuidadosamente recolectado y luego secado a baja temperatura en un horno especial, es un aut\u00e9ntico superalimento que encarna la esencia misma de la naturaleza. Este producto excepcional est\u00e1 repleto de valor nutricional y ofrece un abanico de beneficios para la salud.\u00a0<\/span><\/p><p><span style=\"font-weight: 400;\">El polen de abejas es conocido por ser rico en prote\u00ednas, vitaminas, minerales y antioxidantes. Su alto valor nutricional lo convierte en un complemento ideal para tus desayunos y comidas diarias. Puedes disfrutarlo en batidos, yogures, cereales o simplemente espolvoreado sobre frutas para agregar un impulso energ\u00e9tico y saludable a tu d\u00eda.\u00a0<\/span><\/p><p><span style=\"font-weight: 400;\">El sabor y aroma dulce del polen de abejas hacen que sea un placer incorporarlo en tu dieta. Sus notas naturales y su dulzura sutil pueden realzar la experiencia de tus comidas, haci\u00e9ndolas a\u00fan m\u00e1s deliciosas y nutritivas. Este superalimento no solo es delicioso, sino que tambi\u00e9n es beneficioso para tu bienestar general.<\/span><\/p><ul><li style=\"font-weight: 400;\" aria-level=\"1\"><span style=\"font-weight: 400;\">Miel de abeja de Eucalipto 630 gramos: $16<\/span><\/li><li style=\"font-weight: 400;\" aria-level=\"1\"><span style=\"font-weight: 400;\">Miel de abeja de Sabaleto 630 gramos: $18<\/span><\/li><li style=\"font-weight: 400;\" aria-level=\"1\"><span style=\"font-weight: 400;\">Polen de abeja Multifloral 150 gramos: $15\u00a0<\/span><\/li><\/ul><div><strong>Tel\u00e9fono:<\/strong>0999 714 610<\/div>\t\t\t\t\t\t<\/div>\n\t\t\t\t<\/div>\n\t\t\t\t\t<\/div>\n\t\t<\/div>\n\t\t\t\t\t<\/div>\n\t\t<\/section>\n\t\t\t\t<section class=\"elementor-section elementor-top-section elementor-element elementor-element-e6ba9b6 elementor-section-boxed elementor-section-height-default elementor-section-height-default\" data-id=\"e6ba9b6\" data-element_type=\"section\">\n\t\t\t\t\t\t<div class=\"elementor-container elementor-column-gap-default\">\n\t\t\t\t\t<div class=\"elementor-column elementor-col-100 elementor-top-column elementor-element elementor-element-bc18260\" data-id=\"bc18260\" data-element_type=\"column\">\n\t\t\t<div class=\"elementor-widget-wrap elementor-element-populated\">\n\t\t\t\t\t\t<div class=\"elementor-element elementor-element-71b5a88 elementor-widget elementor-widget-heading\" data-id=\"71b5a88\" data-element_type=\"widget\" data-widget_type=\"heading.default\">\n\t\t\t\t<div class=\"elementor-widget-container\">\n\t\t\t<h4 class=\"elementor-heading-title elementor-size-default\">S\u00edguenos en nuestras redes sociales:<\/h4>\t\t<\/div>\n\t\t\t\t<\/div>\n\t\t\t\t<div class=\"elementor-element elementor-element-d335cb0 e-grid-align-left elementor-shape-rounded elementor-grid-0 elementor-widget elementor-widget-social-icons\" data-id=\"d335cb0\" data-element_type=\"widget\" data-widget_type=\"social-icons.default\">\n\t\t\t\t<div class=\"elementor-widget-container\">\n\t\t\t\t\t<div class=\"elementor-social-icons-wrapper elementor-grid\">\n\t\t\t\t\t\t\t<span class=\"elementor-grid-item\">\n\t\t\t\t\t<a class=\"elementor-icon elementor-social-icon elementor-social-icon-instagram elementor-repeater-item-8c6f8b0\" href=\"https:\/\/www.instagram.com\/miskimieldecampo\" target=\"_blank\">\n\t\t\t\t\t\t<span class=\"elementor-screen-only\">Instagram<\/span>\n\t\t\t\t\t\t<i class=\"fab fa-instagram\"><\/i>\t\t\t\t\t<\/a>\n\t\t\t\t<\/span>\n\t\t\t\t\t<\/div>\n\t\t\t\t<\/div>\n\t\t\t\t<\/div>\n\t\t\t\t<div class=\"elementor-element elementor-element-9f8419f elementor-woo-meta--view-inline elementor-widget elementor-widget-woocommerce-product-meta\" data-id=\"9f8419f\" data-element_type=\"widget\" data-widget_type=\"woocommerce-product-meta.default\">\n\t\t\t\t<div class=\"elementor-widget-container\">\n\t\t\t\t\t<div class=\"product_meta\">\n\n\t\t\t\n\t\t\t\n\t\t\t\t\t\t\t<span class=\"posted_in detail-container\"><span class=\"detail-label\">Categories<\/span> <span class=\"detail-content\"><a href=\"https:\/\/compraconproposito.ec\/vitrina-digital\/categoria\/productos\/alimentos\/\" rel=\"tag\">Alimentos<\/a>, <a href=\"https:\/\/compraconproposito.ec\/vitrina-digital\/categoria\/productos\/cuidado-personal-y-salud\/\" rel=\"tag\">Cuidado personal y salud<\/a>, <a href=\"https:\/\/compraconproposito.ec\/vitrina-digital\/categoria\/empredimientos\/\" rel=\"tag\">empredimientos<\/a>, <a href=\"https:\/\/compraconproposito.ec\/vitrina-digital\/categoria\/productos\/\" rel=\"tag\">Productos<\/a><\/span><\/span>\n\t\t\t\n\t\t\t\t\t\t\t<span class=\"tagged_as detail-container\"><span class=\"detail-label\">Tags<\/span> <span class=\"detail-content\"><a href=\"https:\/\/compraconproposito.ec\/vitrina-digital\/etiqueta\/alimentos\/\" rel=\"tag\">Alimentos<\/a>, <a href=\"https:\/\/compraconproposito.ec\/vitrina-digital\/etiqueta\/miel\/\" rel=\"tag\">Miel<\/a><\/span><\/span>\n\t\t\t\n\t\t\t\n\t\t<\/div>\n\t\t\t\t<\/div>\n\t\t\t\t<\/div>\n\t\t\t\t\t<\/div>\n\t\t<\/div>\n\t\t\t\t\t<\/div>\n\t\t<\/section>\n\t\t\t\t<\/div>\n\t\t","protected":false},"excerpt":{"rendered":"<p><span style=\"font-weight: 400;\">Miski Miel de Campo nace con la misi\u00f3n de concienciar a los seres humanos sobre el papel crucial que desempe\u00f1an las abejas en la polinizaci\u00f3n de cultivos y en la preservaci\u00f3n de la biodiversidad. Nos esforzamos por ofrecer productos naturales, garantizados y certificados a quienes buscan alternativas saludables para su estilo de vida. Nuestra miel se produce de manera natural por abejas que se alimentan de flores locales y se envasa sin procesos qu\u00edmicos, conservando as\u00ed todas sus propiedades y beneficios. Adem\u00e1s, nos enorgullece contar con certificaciones FDA de los Estados Unidos, y estamos en camino de convertirnos en la primera empresa ecuatoriana certificada por Fair Trade en nuestro campo.\u00a0<\/span><\/p>\n<p>&nbsp;<\/p>\n<p><span style=\"font-weight: 400;\">En el 2023, fuimos la \u00fanica empresa ecuatoriana presente en el Congreso Mundial de Apicultura en Chile con nuestra charla de Sostenibilidad y Econom\u00eda Circular en la industria ap\u00edcola, ya que nuestro proyecto cuenta con varias iniciativas enmarcadas en ODS.\u00a0<\/span><\/p>\n<p>&nbsp;<\/p>\n<p><span style=\"font-weight: 400;\">Asimismo, estamos desarrollando la primera experiencia de lujo con abejas en Ecuador y en el mundo. El apiturismo se centra en las abejas y la apicultura, permitiendo a los visitantes aprender sobre la vida de las abejas, la producci\u00f3n de miel y otros productos de la colmena. La iniciativa representa nuestra ambici\u00f3n de ser l\u00edderes en la conservaci\u00f3n de las abejas en nuestro pa\u00eds.<\/span><\/p>\n","protected":false},"featured_media":2613,"comment_status":"open","ping_status":"closed","template":"","meta":{"inline_featured_image":false,"_monsterinsights_skip_tracking":false,"_monsterinsights_sitenote_active":false,"_monsterinsights_sitenote_note":"","_monsterinsights_sitenote_category":0,"_uf_show_specific_survey":0,"_uf_disable_surveys":false,"site-sidebar-layout":"no-sidebar","site-content-layout":"page-builder","ast-site-content-layout":"full-width-container","site-content-style":"unboxed","site-sidebar-style":"unboxed","ast-global-header-display":"","ast-banner-title-visibility":"","ast-main-header-display":"","ast-hfb-above-header-display":"","ast-hfb-below-header-display":"","ast-hfb-mobile-header-display":"","site-post-title":"disabled","ast-breadcrumbs-content":"","ast-featured-img":"disabled","footer-sml-layout":"","theme-transparent-header-meta":"default","adv-header-id-meta":"","stick-header-meta":"","header-above-stick-meta":"","header-main-stick-meta":"","header-below-stick-meta":"","astra-migrate-meta-layouts":"set","ast-page-background-enabled":"default","ast-page-background-meta":{"desktop":{"background-color":"var(--ast-global-color-4)","background-image":"","background-repeat":"repeat","background-position":"center center","background-size":"auto","background-attachment":"scroll","background-type":"","background-media":"","overlay-type":"","overlay-color":"","overlay-opacity":"","overlay-gradient":""},"tablet":{"background-color":"","background-image":"","background-repeat":"repeat","background-position":"center center","background-size":"auto","background-attachment":"scroll","background-type":"","background-media":"","overlay-type":"","overlay-color":"","overlay-opacity":"","overlay-gradient":""},"mobile":{"background-color":"","background-image":"","background-repeat":"repeat","background-position":"center center","background-size":"auto","background-attachment":"scroll","background-type":"","background-media":"","overlay-type":"","overlay-color":"","overlay-opacity":"","overlay-gradient":""}},"ast-content-background-meta":{"desktop":{"background-color":"var(--ast-global-color-5)","background-image":"","background-repeat":"repeat","background-position":"center center","background-size":"auto","background-attachment":"scroll","background-type":"","background-media":"","overlay-type":"","overlay-color":"","overlay-opacity":"","overlay-gradient":""},"tablet":{"background-color":"var(--ast-global-color-5)","background-image":"","background-repeat":"repeat","background-position":"center center","background-size":"auto","background-attachment":"scroll","background-type":"","background-media":"","overlay-type":"","overlay-color":"","overlay-opacity":"","overlay-gradient":""},"mobile":{"background-color":"var(--ast-global-color-5)","background-image":"","background-repeat":"repeat","background-position":"center center","background-size":"auto","background-attachment":"scroll","background-type":"","background-media":"","overlay-type":"","overlay-color":"","overlay-opacity":"","overlay-gradient":""}}},"product_cat":[23,38,32,22],"product_tag":[33,62],"class_list":{"0":"post-2609","1":"product","2":"type-product","3":"status-publish","4":"has-post-thumbnail","6":"product_cat-alimentos","7":"product_cat-cuidado-personal-y-salud","8":"product_cat-empredimientos","9":"product_cat-productos","10":"product_tag-alimentos","11":"product_tag-miel","12":"desktop-align-left","13":"tablet-align-left","14":"mobile-align-left","16":"first","17":"instock","18":"shipping-taxable","19":"product-type-simple"},"aioseo_notices":[],"_links":{"self":[{"href":"https:\/\/compraconproposito.ec\/vitrina-digital\/wp-json\/wp\/v2\/product\/2609"}],"collection":[{"href":"https:\/\/compraconproposito.ec\/vitrina-digital\/wp-json\/wp\/v2\/product"}],"about":[{"href":"https:\/\/compraconproposito.ec\/vitrina-digital\/wp-json\/wp\/v2\/types\/product"}],"replies":[{"embeddable":true,"href":"https:\/\/compraconproposito.ec\/vitrina-digital\/wp-json\/wp\/v2\/comments?post=2609"}],"version-history":[{"count":5,"href":"https:\/\/compraconproposito.ec\/vitrina-digital\/wp-json\/wp\/v2\/product\/2609\/revisions"}],"predecessor-version":[{"id":2619,"href":"https:\/\/compraconproposito.ec\/vitrina-digital\/wp-json\/wp\/v2\/product\/2609\/revisions\/2619"}],"wp:featuredmedia":[{"embeddable":true,"href":"https:\/\/compraconproposito.ec\/vitrina-digital\/wp-json\/wp\/v2\/media\/2613"}],"wp:attachment":[{"href":"https:\/\/compraconproposito.ec\/vitrina-digital\/wp-json\/wp\/v2\/media?parent=2609"}],"wp:term":[{"taxonomy":"product_cat","embeddable":true,"href":"https:\/\/compraconproposito.ec\/vitrina-digital\/wp-json\/wp\/v2\/product_cat?post=2609"},{"taxonomy":"product_tag","embeddable":true,"href":"https:\/\/compraconproposito.ec\/vitrina-digital\/wp-json\/wp\/v2\/product_tag?post=2609"}],"curies":[{"name":"wp","href":"https:\/\/api.w.org\/{rel}","templated":true}]}}