{"id":2533,"date":"2025-05-19T15:16:15","date_gmt":"2025-05-19T15:16:15","guid":{"rendered":"https:\/\/compraconproposito.ec\/vitrina-digital\/?post_type=product&#038;p=2533"},"modified":"2025-08-21T17:15:34","modified_gmt":"2025-08-21T17:15:34","slug":"menvialimentos-sas","status":"publish","type":"product","link":"https:\/\/compraconproposito.ec\/vitrina-digital\/producto\/menvialimentos-sas\/","title":{"rendered":"MENVIALIMENTOS SAS"},"content":{"rendered":"\t\t<div data-elementor-type=\"product-post\" data-elementor-id=\"2533\" class=\"elementor elementor-2533\">\n\t\t\t\t\t\t<section class=\"elementor-section elementor-top-section elementor-element elementor-element-207de45e elementor-section-boxed elementor-section-height-default elementor-section-height-default\" data-id=\"207de45e\" data-element_type=\"section\">\n\t\t\t\t\t\t<div class=\"elementor-container elementor-column-gap-default\">\n\t\t\t\t\t<div class=\"elementor-column elementor-col-100 elementor-top-column elementor-element elementor-element-724805fb\" data-id=\"724805fb\" data-element_type=\"column\">\n\t\t\t<div class=\"elementor-widget-wrap elementor-element-populated\">\n\t\t\t\t\t\t<div class=\"elementor-element elementor-element-76eb412 elementor-widget elementor-widget-text-editor\" data-id=\"76eb412\" data-element_type=\"widget\" data-widget_type=\"text-editor.default\">\n\t\t\t\t<div class=\"elementor-widget-container\">\n\t\t\t\t\t\t\t<div title=\"Page 1\"><div><div><div><ol><li><span style=\"font-weight: 400;\">Caramelos nutrace\u00faticos medicinales<\/span><\/li><li><span style=\"font-weight: 400;\"> Son elaborados con productos naturales, principalmente jengibre, no contienen saborizantes ni colorantes artificiales.\u00a0<\/span><\/li><li><span style=\"font-weight: 400;\"> El dise\u00f1o de empaque es desarrollado a partir del origen Amaz\u00f3nico, que conecta desde las mujeres de nacionalidades y agricultores de la zona, el material del empaque es de papel.<\/span><\/li><\/ol><div><p>Caramelos de Jengibre 30 g \/ 10 unidades &#8211; Shamanas &#8211; $1.51<\/p><p>Caramelos de Jengibre 90 g \/ 30 unidades &#8211; Shamanas &#8211; $3.85<\/p><\/div><div><strong>Tel\u00e9fono: <\/strong>0988979214<\/div><p><span style=\"font-size: 16px;\">\u00a0<\/span><\/p><\/div><\/div><\/div><\/div>\t\t\t\t\t\t<\/div>\n\t\t\t\t<\/div>\n\t\t\t\t\t<\/div>\n\t\t<\/div>\n\t\t\t\t\t<\/div>\n\t\t<\/section>\n\t\t\t\t<section class=\"elementor-section elementor-top-section elementor-element elementor-element-c9a843c elementor-section-boxed elementor-section-height-default elementor-section-height-default\" data-id=\"c9a843c\" data-element_type=\"section\">\n\t\t\t\t\t\t<div class=\"elementor-container elementor-column-gap-default\">\n\t\t\t\t\t<div class=\"elementor-column elementor-col-100 elementor-top-column elementor-element elementor-element-2874ccd\" data-id=\"2874ccd\" data-element_type=\"column\">\n\t\t\t<div class=\"elementor-widget-wrap elementor-element-populated\">\n\t\t\t\t\t\t<div class=\"elementor-element elementor-element-08d49cd elementor-widget elementor-widget-heading\" data-id=\"08d49cd\" data-element_type=\"widget\" data-widget_type=\"heading.default\">\n\t\t\t\t<div class=\"elementor-widget-container\">\n\t\t\t<h4 class=\"elementor-heading-title elementor-size-default\">S\u00edguenos en nuestras redes sociales:<\/h4>\t\t<\/div>\n\t\t\t\t<\/div>\n\t\t\t\t<div class=\"elementor-element elementor-element-0b0cae9 e-grid-align-left elementor-shape-rounded elementor-grid-0 elementor-widget elementor-widget-social-icons\" data-id=\"0b0cae9\" data-element_type=\"widget\" data-widget_type=\"social-icons.default\">\n\t\t\t\t<div class=\"elementor-widget-container\">\n\t\t\t\t\t<div class=\"elementor-social-icons-wrapper elementor-grid\">\n\t\t\t\t\t\t\t<span class=\"elementor-grid-item\">\n\t\t\t\t\t<a class=\"elementor-icon elementor-social-icon elementor-social-icon-instagram elementor-repeater-item-8c6f8b0\" href=\"https:\/\/www.instagram.com\/menvialimentos.ec?igsh=Y3ZydGx0ejk4ZzRh&#038;utm_source=qr\" target=\"_blank\">\n\t\t\t\t\t\t<span class=\"elementor-screen-only\">Instagram<\/span>\n\t\t\t\t\t\t<i class=\"fab fa-instagram\"><\/i>\t\t\t\t\t<\/a>\n\t\t\t\t<\/span>\n\t\t\t\t\t\t\t<span class=\"elementor-grid-item\">\n\t\t\t\t\t<a class=\"elementor-icon elementor-social-icon elementor-social-icon-facebook elementor-repeater-item-38c99c9\" href=\"https:\/\/www.facebook.com\/menvialimentos.ec\" target=\"_blank\">\n\t\t\t\t\t\t<span class=\"elementor-screen-only\">Facebook<\/span>\n\t\t\t\t\t\t<i class=\"fab fa-facebook\"><\/i>\t\t\t\t\t<\/a>\n\t\t\t\t<\/span>\n\t\t\t\t\t<\/div>\n\t\t\t\t<\/div>\n\t\t\t\t<\/div>\n\t\t\t\t<div class=\"elementor-element elementor-element-3afbbe7 elementor-woo-meta--view-inline elementor-widget elementor-widget-woocommerce-product-meta\" data-id=\"3afbbe7\" data-element_type=\"widget\" data-widget_type=\"woocommerce-product-meta.default\">\n\t\t\t\t<div class=\"elementor-widget-container\">\n\t\t\t\t\t<div class=\"product_meta\">\n\n\t\t\t\n\t\t\t\n\t\t\t\t\t\t\t<span class=\"posted_in detail-container\"><span class=\"detail-label\">Categories<\/span> <span class=\"detail-content\"><a href=\"https:\/\/compraconproposito.ec\/vitrina-digital\/categoria\/productos\/alimentos\/\" rel=\"tag\">Alimentos<\/a>, <a href=\"https:\/\/compraconproposito.ec\/vitrina-digital\/categoria\/productos\/cuidado-personal-y-salud\/\" rel=\"tag\">Cuidado personal y salud<\/a>, <a href=\"https:\/\/compraconproposito.ec\/vitrina-digital\/categoria\/empredimientos\/\" rel=\"tag\">empredimientos<\/a>, <a href=\"https:\/\/compraconproposito.ec\/vitrina-digital\/categoria\/productos\/\" rel=\"tag\">Productos<\/a><\/span><\/span>\n\t\t\t\n\t\t\t\t\t\t\t<span class=\"tagged_as detail-container\"><span class=\"detail-label\">Tags<\/span> <span class=\"detail-content\"><a href=\"https:\/\/compraconproposito.ec\/vitrina-digital\/etiqueta\/alimentos\/\" rel=\"tag\">Alimentos<\/a>, <a href=\"https:\/\/compraconproposito.ec\/vitrina-digital\/etiqueta\/cuidado-personal-y-salud\/\" rel=\"tag\">Cuidado Personal - Salud<\/a><\/span><\/span>\n\t\t\t\n\t\t\t\n\t\t<\/div>\n\t\t\t\t<\/div>\n\t\t\t\t<\/div>\n\t\t\t\t\t<\/div>\n\t\t<\/div>\n\t\t\t\t\t<\/div>\n\t\t<\/section>\n\t\t\t\t<\/div>\n\t\t","protected":false},"excerpt":{"rendered":"<p><span style=\"font-weight: 400;\">En el a\u00f1o 2020, nace la empresa familiar MENVIALIMENTOS SAS, dedicada a la elaboraci\u00f3n de productos saludables, capacitaciones y servicios de acompa\u00f1amiento profesional, nos enfocamos en aportar bienestar integral a la salud a las familias ecuatorianas, considerada como un modelo de gesti\u00f3n exitoso en la localidad y regi\u00f3n amaz\u00f3nica.<\/span><\/p>\n<p><span style=\"font-weight: 400;\">Nuestros <\/span><span style=\"font-weight: 400;\">productos <\/span><span style=\"font-weight: 400;\">garantizan <\/span><span style=\"font-weight: 400;\">la <\/span><span style=\"font-weight: 400;\">satisfacci\u00f3n <\/span><span style=\"font-weight: 400;\">de <\/span><span style=\"font-weight: 400;\">nuestros clientes, <\/span><span style=\"font-weight: 400;\">ya <\/span><span style=\"font-weight: 400;\">que <\/span><span style=\"font-weight: 400;\">acoge a mujeres de las nacionalidades ind\u00edgenas y colonos de la Amazon\u00eda, ya que parte de la materia como es el jengibre es adquirido directamente, <\/span><span style=\"font-weight: 400;\">aportando <\/span><span style=\"font-weight: 400;\">de <\/span><span style=\"font-weight: 400;\">esta manera al crecimiento de <\/span><span style=\"font-weight: 400;\">la <\/span><span style=\"font-weight: 400;\">econom\u00eda <\/span><span style=\"font-weight: 400;\">local <\/span><span style=\"font-weight: 400;\">y <\/span><span style=\"font-weight: 400;\">el <\/span><span style=\"font-weight: 400;\">mejoramiento <\/span><span style=\"font-weight: 400;\">de <\/span><span style=\"font-weight: 400;\">la <\/span><span style=\"font-weight: 400;\">calidad <\/span><span style=\"font-weight: 400;\">de <\/span><span style=\"font-weight: 400;\">vida <\/span><span style=\"font-weight: 400;\">de <\/span><span style=\"font-weight: 400;\">los\u00a0 <\/span><span style=\"font-weight: 400;\">agricultores <\/span><span style=\"font-weight: 400;\">y <\/span><span style=\"font-weight: 400;\">sus familias<\/span><span style=\"font-weight: 400;\">.\u00a0<\/span><\/p>\n<p><span style=\"font-weight: 400;\">Contamos con una planta de elaboraci\u00f3n y empacado de productos con valor agregado, as\u00ed como tambi\u00e9n son innovadores y sostenibles en la ciudad de Lago Agrio y las operaciones de log\u00edstica y distribuci\u00f3n a nivel nacional en la ciudad de Santo Domingo. Nuestra filosof\u00eda nos lleva a destacar el trabajo colaborativo y participativo de la mujer en el rol de toda la cadena productiva, fortaleciendo la sostenibilidad y sustentabilidad del sector, para lo cual actualmente contamos con los caramelos de jengibre Shamanas.<\/span><\/p>\n<p><b>Prop\u00f3sito <\/b><span style=\"font-weight: 400;\">Acompa\u00f1ar a madres en una alimentaci\u00f3n saludable.<\/span><\/p>\n","protected":false},"featured_media":2537,"comment_status":"open","ping_status":"closed","template":"","meta":{"inline_featured_image":false,"_monsterinsights_skip_tracking":false,"_monsterinsights_sitenote_active":false,"_monsterinsights_sitenote_note":"","_monsterinsights_sitenote_category":0,"_uf_show_specific_survey":0,"_uf_disable_surveys":false,"site-sidebar-layout":"no-sidebar","site-content-layout":"page-builder","ast-site-content-layout":"full-width-container","site-content-style":"unboxed","site-sidebar-style":"unboxed","ast-global-header-display":"","ast-banner-title-visibility":"","ast-main-header-display":"","ast-hfb-above-header-display":"","ast-hfb-below-header-display":"","ast-hfb-mobile-header-display":"","site-post-title":"disabled","ast-breadcrumbs-content":"","ast-featured-img":"disabled","footer-sml-layout":"","theme-transparent-header-meta":"default","adv-header-id-meta":"","stick-header-meta":"","header-above-stick-meta":"","header-main-stick-meta":"","header-below-stick-meta":"","astra-migrate-meta-layouts":"set","ast-page-background-enabled":"default","ast-page-background-meta":{"desktop":{"background-color":"var(--ast-global-color-4)","background-image":"","background-repeat":"repeat","background-position":"center center","background-size":"auto","background-attachment":"scroll","background-type":"","background-media":"","overlay-type":"","overlay-color":"","overlay-opacity":"","overlay-gradient":""},"tablet":{"background-color":"","background-image":"","background-repeat":"repeat","background-position":"center center","background-size":"auto","background-attachment":"scroll","background-type":"","background-media":"","overlay-type":"","overlay-color":"","overlay-opacity":"","overlay-gradient":""},"mobile":{"background-color":"","background-image":"","background-repeat":"repeat","background-position":"center center","background-size":"auto","background-attachment":"scroll","background-type":"","background-media":"","overlay-type":"","overlay-color":"","overlay-opacity":"","overlay-gradient":""}},"ast-content-background-meta":{"desktop":{"background-color":"var(--ast-global-color-5)","background-image":"","background-repeat":"repeat","background-position":"center center","background-size":"auto","background-attachment":"scroll","background-type":"","background-media":"","overlay-type":"","overlay-color":"","overlay-opacity":"","overlay-gradient":""},"tablet":{"background-color":"var(--ast-global-color-5)","background-image":"","background-repeat":"repeat","background-position":"center center","background-size":"auto","background-attachment":"scroll","background-type":"","background-media":"","overlay-type":"","overlay-color":"","overlay-opacity":"","overlay-gradient":""},"mobile":{"background-color":"var(--ast-global-color-5)","background-image":"","background-repeat":"repeat","background-position":"center center","background-size":"auto","background-attachment":"scroll","background-type":"","background-media":"","overlay-type":"","overlay-color":"","overlay-opacity":"","overlay-gradient":""}}},"product_cat":[23,38,32,22],"product_tag":[33,45],"class_list":{"0":"post-2533","1":"product","2":"type-product","3":"status-publish","4":"has-post-thumbnail","6":"product_cat-alimentos","7":"product_cat-cuidado-personal-y-salud","8":"product_cat-empredimientos","9":"product_cat-productos","10":"product_tag-alimentos","11":"product_tag-cuidado-personal-y-salud","12":"desktop-align-left","13":"tablet-align-left","14":"mobile-align-left","16":"first","17":"instock","18":"sale","19":"shipping-taxable","20":"purchasable","21":"product-type-simple"},"aioseo_notices":[],"_links":{"self":[{"href":"https:\/\/compraconproposito.ec\/vitrina-digital\/wp-json\/wp\/v2\/product\/2533"}],"collection":[{"href":"https:\/\/compraconproposito.ec\/vitrina-digital\/wp-json\/wp\/v2\/product"}],"about":[{"href":"https:\/\/compraconproposito.ec\/vitrina-digital\/wp-json\/wp\/v2\/types\/product"}],"replies":[{"embeddable":true,"href":"https:\/\/compraconproposito.ec\/vitrina-digital\/wp-json\/wp\/v2\/comments?post=2533"}],"version-history":[{"count":17,"href":"https:\/\/compraconproposito.ec\/vitrina-digital\/wp-json\/wp\/v2\/product\/2533\/revisions"}],"predecessor-version":[{"id":3157,"href":"https:\/\/compraconproposito.ec\/vitrina-digital\/wp-json\/wp\/v2\/product\/2533\/revisions\/3157"}],"wp:featuredmedia":[{"embeddable":true,"href":"https:\/\/compraconproposito.ec\/vitrina-digital\/wp-json\/wp\/v2\/media\/2537"}],"wp:attachment":[{"href":"https:\/\/compraconproposito.ec\/vitrina-digital\/wp-json\/wp\/v2\/media?parent=2533"}],"wp:term":[{"taxonomy":"product_cat","embeddable":true,"href":"https:\/\/compraconproposito.ec\/vitrina-digital\/wp-json\/wp\/v2\/product_cat?post=2533"},{"taxonomy":"product_tag","embeddable":true,"href":"https:\/\/compraconproposito.ec\/vitrina-digital\/wp-json\/wp\/v2\/product_tag?post=2533"}],"curies":[{"name":"wp","href":"https:\/\/api.w.org\/{rel}","templated":true}]}}