{"id":1644,"date":"2023-10-30T23:41:52","date_gmt":"2023-10-30T23:41:52","guid":{"rendered":"https:\/\/compraconproposito.ec\/vitrina-digital\/?post_type=product&#038;p=1644"},"modified":"2023-10-30T23:46:33","modified_gmt":"2023-10-30T23:46:33","slug":"chankuap-fundacion","status":"publish","type":"product","link":"https:\/\/compraconproposito.ec\/vitrina-digital\/producto\/chankuap-fundacion\/","title":{"rendered":"Chankuap Fundaci\u00f3n"},"content":{"rendered":"\t\t<div data-elementor-type=\"product-post\" data-elementor-id=\"1644\" class=\"elementor elementor-1644\">\n\t\t\t\t\t\t<section class=\"elementor-section elementor-top-section elementor-element elementor-element-207de45e elementor-section-boxed elementor-section-height-default elementor-section-height-default\" data-id=\"207de45e\" data-element_type=\"section\">\n\t\t\t\t\t\t<div class=\"elementor-container elementor-column-gap-default\">\n\t\t\t\t\t<div class=\"elementor-column elementor-col-100 elementor-top-column elementor-element elementor-element-724805fb\" data-id=\"724805fb\" data-element_type=\"column\">\n\t\t\t<div class=\"elementor-widget-wrap elementor-element-populated\">\n\t\t\t\t\t\t<div class=\"elementor-element elementor-element-76eb412 elementor-widget elementor-widget-text-editor\" data-id=\"76eb412\" data-element_type=\"widget\" data-widget_type=\"text-editor.default\">\n\t\t\t\t<div class=\"elementor-widget-container\">\n\t\t\t\t\t\t\t<p>1. Jabones s\u00f3lidos en barra 100 gr.- Presentamos la l\u00ednea de jabones Ikiam en barra s\u00f3lida o l\u00edquidos en diversos tama\u00f1os y aromas, con ingredientes 100% naturales hechos para el cuidado de la piel y el planeta Ishpink, contiene Aceite de Ungurahua y Aceite Esencial de Ishpink, brinda una acci\u00f3n exfoliante natural por la presencia de peque\u00f1os fragmentos de la flor de Ishpink.<\/p><p>2. Aceites esenciales de: C\u00farcuma, jengibre, hierba luisa, Ishpink en 50 ml, 120 ml y litro. Las propiedades f\u00edsico\/qu\u00edmicas de los compuestos arom\u00e1ticos de los aceites esenciales, permiten su r\u00e1pido desplazamiento por el aire e interact\u00faa directamente con los sensores olfativos. Esto hace que los aceites esenciales sean ideales para la aromaterapia, ayudando a mantener una mente y cuerpo en bienestar debido a sus compuestos naturales.<\/p><p>3. Cremas Antiarrugas con extracto de guayusa con aroma a menta e Ishpink de 50 gr.<br \/>\u00abLa guayusa es una planta medicinal nativa del Ecuador que ha sido empleada por sus cualidades medicinales, sobre todo aquella estimulante.<br \/>En los \u00faltimos a\u00f1os varios estudios han destacado la elevada presencia de poli fenoles, son principios activos muy interesantes para la industria cosm\u00e9tica. La actividad antioxidante tambi\u00e9n se determin\u00f3 en productos cosm\u00e9ticos geles y cremas. Finalmente se formul\u00f3 un producto cosm\u00e9tico (crema), en donde se tuvieron excelentes resultados antioxidantes, en esta formulaci\u00f3n tambi\u00e9n se ejecutaron pruebas cl\u00ednicas in-vivo, en un panel de voluntarios en donde se pudo determinar que la crema con extracto hidro-alcoh\u00f3lico de Ilex guayusa, mejoraba la firmeza y elasticidad de la piel luego de 30 y 60 d\u00edas de aplicaci\u00f3n\u00bb.<br \/>Previene el envejecimiento por sus propiedades antioxidante, humectante, suavizante, enriquecida con vitaminas A, B y E que posee la Guayusa y el Aceite de Sacha Inchi.<br \/>Mejora la textura de la piel aportando elasticidad y evita la p\u00e9rdida de agua; adem\u00e1s, junto a los aceites esenciales de menta e Ishpink, brindan una protecci\u00f3n ideal de la piel ante factores externos, brindando frescura y energ\u00eda.<\/p><p><strong>Tel\u00e9fono:<\/strong> 0999117163<\/p>\t\t\t\t\t\t<\/div>\n\t\t\t\t<\/div>\n\t\t\t\t\t<\/div>\n\t\t<\/div>\n\t\t\t\t\t<\/div>\n\t\t<\/section>\n\t\t\t\t<section class=\"elementor-section elementor-top-section elementor-element elementor-element-e6ba9b6 elementor-section-boxed elementor-section-height-default elementor-section-height-default\" data-id=\"e6ba9b6\" data-element_type=\"section\">\n\t\t\t\t\t\t<div class=\"elementor-container elementor-column-gap-default\">\n\t\t\t\t\t<div class=\"elementor-column elementor-col-100 elementor-top-column elementor-element elementor-element-bc18260\" data-id=\"bc18260\" data-element_type=\"column\">\n\t\t\t<div class=\"elementor-widget-wrap elementor-element-populated\">\n\t\t\t\t\t\t<div class=\"elementor-element elementor-element-1a14693 elementor-widget elementor-widget-heading\" data-id=\"1a14693\" data-element_type=\"widget\" data-widget_type=\"heading.default\">\n\t\t\t\t<div class=\"elementor-widget-container\">\n\t\t\t<h4 class=\"elementor-heading-title elementor-size-default\">S\u00edguenos en nuestras redes sociales:<\/h4>\t\t<\/div>\n\t\t\t\t<\/div>\n\t\t\t\t<div class=\"elementor-element elementor-element-3dee17a e-grid-align-left elementor-shape-rounded elementor-grid-0 elementor-widget elementor-widget-social-icons\" data-id=\"3dee17a\" data-element_type=\"widget\" data-widget_type=\"social-icons.default\">\n\t\t\t\t<div class=\"elementor-widget-container\">\n\t\t\t\t\t<div class=\"elementor-social-icons-wrapper elementor-grid\">\n\t\t\t\t\t\t\t<span class=\"elementor-grid-item\">\n\t\t\t\t\t<a class=\"elementor-icon elementor-social-icon elementor-social-icon-facebook elementor-repeater-item-01d2bab\" href=\"https:\/\/m.facebook.com\/story.php?story_fbid=pfbid0367XLxTTghAyuPQC2gfBrnCgTrP5G5UrjuPtoxz6FvqCwTzMiQrfY4fTbYg9jWpVvl&#038;id=100001505480272&#038;mibextid=Nif5oz\" target=\"_blank\">\n\t\t\t\t\t\t<span class=\"elementor-screen-only\">Facebook<\/span>\n\t\t\t\t\t\t<i class=\"fab fa-facebook\"><\/i>\t\t\t\t\t<\/a>\n\t\t\t\t<\/span>\n\t\t\t\t\t\t\t<span class=\"elementor-grid-item\">\n\t\t\t\t\t<a class=\"elementor-icon elementor-social-icon elementor-social-icon-youtube elementor-repeater-item-0fadd9b\" href=\"https:\/\/studio.youtube.com\/channel\/UChSW5e7WKlPhd7Ix5zWM4dA\" target=\"_blank\">\n\t\t\t\t\t\t<span class=\"elementor-screen-only\">Youtube<\/span>\n\t\t\t\t\t\t<i class=\"fab fa-youtube\"><\/i>\t\t\t\t\t<\/a>\n\t\t\t\t<\/span>\n\t\t\t\t\t\t\t<span class=\"elementor-grid-item\">\n\t\t\t\t\t<a class=\"elementor-icon elementor-social-icon elementor-social-icon-instagram elementor-repeater-item-8c6f8b0\" href=\"https:\/\/instagram.com\/chankuap?igshid=NTc4MTIwNjQ2YQ\" target=\"_blank\">\n\t\t\t\t\t\t<span class=\"elementor-screen-only\">Instagram<\/span>\n\t\t\t\t\t\t<i class=\"fab fa-instagram\"><\/i>\t\t\t\t\t<\/a>\n\t\t\t\t<\/span>\n\t\t\t\t\t<\/div>\n\t\t\t\t<\/div>\n\t\t\t\t<\/div>\n\t\t\t\t<div class=\"elementor-element elementor-element-b6eac58 elementor-woo-meta--view-inline elementor-widget elementor-widget-woocommerce-product-meta\" data-id=\"b6eac58\" data-element_type=\"widget\" data-widget_type=\"woocommerce-product-meta.default\">\n\t\t\t\t<div class=\"elementor-widget-container\">\n\t\t\t\t\t<div class=\"product_meta\">\n\n\t\t\t\n\t\t\t\n\t\t\t\t\t\t\t<span class=\"posted_in detail-container\"><span class=\"detail-label\">Category<\/span> <span class=\"detail-content\"><a href=\"https:\/\/compraconproposito.ec\/vitrina-digital\/categoria\/empredimientos\/\" rel=\"tag\">empredimientos<\/a><\/span><\/span>\n\t\t\t\n\t\t\t\n\t\t\t\n\t\t<\/div>\n\t\t\t\t<\/div>\n\t\t\t\t<\/div>\n\t\t\t\t\t<\/div>\n\t\t<\/div>\n\t\t\t\t\t<\/div>\n\t\t<\/section>\n\t\t\t\t<\/div>\n\t\t","protected":false},"excerpt":{"rendered":"<p>La Fundaci\u00f3n Chankuap\u2019:  Recursos Para el Futuro, obra salesiana, naci\u00f3 en 1996, seg\u00fan Acuerdo Ministerial 00137 de junio 25 de 1996, como respuesta a los requerimientos de apoyo para el desarrollo comunitario.<\/p>\n<p>La Fundaci\u00f3n nace de la experiencia de 20 a\u00f1os de la Misi\u00f3n Salesiana de Wasakentsa ubicada en territorio Achuar.   Surge como respuesta de dar m\u00e1s soporte al trabajo de la misi\u00f3n, ampliar y estructurar las actividades de manera m\u00e1s especializada con un enfoque de desarrollo sostenible. <\/p>\n<p>Desde 1997 brinda asistencia t\u00e9cnica, capacitaci\u00f3n y acompa\u00f1amiento a los productores y productoras Shuar, Achuar y Mestizos de la provincia de Morona Santiago, en el manejo org\u00e1nico de los cultivos y productos forestales no maderables.   En el a\u00f1o 2000, se inicia con pruebas de extracci\u00f3n de aceites esenciales de especies que cultivan en las huertas, con el fin de sacar de la zona un producto con valor agregado y no transportar \u00fanicamente materia prima.   <\/p>\n<p>A partir del a\u00f1o 2002 se mantiene la certificaci\u00f3n org\u00e1nica para toda la cadena de valor, de los productos que provienen de las comunidades, y los que se procesan en el Centro de Acopio y Transformaci\u00f3n de la Fundaci\u00f3n, ubicado en la ciudad de Macas.<\/p>\n<p>La Fundaci\u00f3n es miembro de la WFTO \u2013 Organizaci\u00f3n Mundial de Comercio Justo \u2013 desde el a\u00f1o 2011.<\/p>\n","protected":false},"featured_media":1646,"comment_status":"open","ping_status":"closed","template":"","meta":{"inline_featured_image":false,"_monsterinsights_skip_tracking":false,"_monsterinsights_sitenote_active":false,"_monsterinsights_sitenote_note":"","_monsterinsights_sitenote_category":0,"_uf_show_specific_survey":0,"_uf_disable_surveys":false,"site-sidebar-layout":"no-sidebar","site-content-layout":"page-builder","ast-site-content-layout":"","site-content-style":"default","site-sidebar-style":"default","ast-global-header-display":"","ast-banner-title-visibility":"","ast-main-header-display":"","ast-hfb-above-header-display":"","ast-hfb-below-header-display":"","ast-hfb-mobile-header-display":"","site-post-title":"disabled","ast-breadcrumbs-content":"","ast-featured-img":"disabled","footer-sml-layout":"","theme-transparent-header-meta":"default","adv-header-id-meta":"","stick-header-meta":"","header-above-stick-meta":"","header-main-stick-meta":"","header-below-stick-meta":"","astra-migrate-meta-layouts":"default","ast-page-background-enabled":"default","ast-page-background-meta":{"desktop":{"background-color":"var(--ast-global-color-4)","background-image":"","background-repeat":"repeat","background-position":"center center","background-size":"auto","background-attachment":"scroll","background-type":"","background-media":"","overlay-type":"","overlay-color":"","overlay-opacity":"","overlay-gradient":""},"tablet":{"background-color":"","background-image":"","background-repeat":"repeat","background-position":"center center","background-size":"auto","background-attachment":"scroll","background-type":"","background-media":"","overlay-type":"","overlay-color":"","overlay-opacity":"","overlay-gradient":""},"mobile":{"background-color":"","background-image":"","background-repeat":"repeat","background-position":"center center","background-size":"auto","background-attachment":"scroll","background-type":"","background-media":"","overlay-type":"","overlay-color":"","overlay-opacity":"","overlay-gradient":""}},"ast-content-background-meta":{"desktop":{"background-color":"var(--ast-global-color-5)","background-image":"","background-repeat":"repeat","background-position":"center center","background-size":"auto","background-attachment":"scroll","background-type":"","background-media":"","overlay-type":"","overlay-color":"","overlay-opacity":"","overlay-gradient":""},"tablet":{"background-color":"var(--ast-global-color-5)","background-image":"","background-repeat":"repeat","background-position":"center center","background-size":"auto","background-attachment":"scroll","background-type":"","background-media":"","overlay-type":"","overlay-color":"","overlay-opacity":"","overlay-gradient":""},"mobile":{"background-color":"var(--ast-global-color-5)","background-image":"","background-repeat":"repeat","background-position":"center center","background-size":"auto","background-attachment":"scroll","background-type":"","background-media":"","overlay-type":"","overlay-color":"","overlay-opacity":"","overlay-gradient":""}}},"product_cat":[32],"product_tag":[],"class_list":{"0":"post-1644","1":"product","2":"type-product","3":"status-publish","4":"has-post-thumbnail","6":"product_cat-empredimientos","7":"desktop-align-left","8":"tablet-align-left","9":"mobile-align-left","11":"first","12":"instock","13":"shipping-taxable","14":"product-type-simple"},"aioseo_notices":[],"_links":{"self":[{"href":"https:\/\/compraconproposito.ec\/vitrina-digital\/wp-json\/wp\/v2\/product\/1644"}],"collection":[{"href":"https:\/\/compraconproposito.ec\/vitrina-digital\/wp-json\/wp\/v2\/product"}],"about":[{"href":"https:\/\/compraconproposito.ec\/vitrina-digital\/wp-json\/wp\/v2\/types\/product"}],"replies":[{"embeddable":true,"href":"https:\/\/compraconproposito.ec\/vitrina-digital\/wp-json\/wp\/v2\/comments?post=1644"}],"version-history":[{"count":7,"href":"https:\/\/compraconproposito.ec\/vitrina-digital\/wp-json\/wp\/v2\/product\/1644\/revisions"}],"predecessor-version":[{"id":1661,"href":"https:\/\/compraconproposito.ec\/vitrina-digital\/wp-json\/wp\/v2\/product\/1644\/revisions\/1661"}],"wp:featuredmedia":[{"embeddable":true,"href":"https:\/\/compraconproposito.ec\/vitrina-digital\/wp-json\/wp\/v2\/media\/1646"}],"wp:attachment":[{"href":"https:\/\/compraconproposito.ec\/vitrina-digital\/wp-json\/wp\/v2\/media?parent=1644"}],"wp:term":[{"taxonomy":"product_cat","embeddable":true,"href":"https:\/\/compraconproposito.ec\/vitrina-digital\/wp-json\/wp\/v2\/product_cat?post=1644"},{"taxonomy":"product_tag","embeddable":true,"href":"https:\/\/compraconproposito.ec\/vitrina-digital\/wp-json\/wp\/v2\/product_tag?post=1644"}],"curies":[{"name":"wp","href":"https:\/\/api.w.org\/{rel}","templated":true}]}}