{"id":1313,"date":"2023-10-30T16:04:35","date_gmt":"2023-10-30T16:04:35","guid":{"rendered":"https:\/\/compraconproposito.ec\/vitrina-digital\/?post_type=product&#038;p=1313"},"modified":"2023-12-05T23:30:51","modified_gmt":"2023-12-05T23:30:51","slug":"alimmplus-2","status":"publish","type":"product","link":"https:\/\/compraconproposito.ec\/vitrina-digital\/producto\/alimmplus-2\/","title":{"rendered":"Alimmplus"},"content":{"rendered":"\t\t<div data-elementor-type=\"product-post\" data-elementor-id=\"1313\" class=\"elementor elementor-1313\">\n\t\t\t\t\t\t<section class=\"elementor-section elementor-top-section elementor-element elementor-element-207de45e elementor-section-boxed elementor-section-height-default elementor-section-height-default\" data-id=\"207de45e\" data-element_type=\"section\">\n\t\t\t\t\t\t<div class=\"elementor-container elementor-column-gap-default\">\n\t\t\t\t\t<div class=\"elementor-column elementor-col-100 elementor-top-column elementor-element elementor-element-724805fb\" data-id=\"724805fb\" data-element_type=\"column\">\n\t\t\t<div class=\"elementor-widget-wrap elementor-element-populated\">\n\t\t\t\t\t\t<div class=\"elementor-element elementor-element-76eb412 elementor-widget elementor-widget-text-editor\" data-id=\"76eb412\" data-element_type=\"widget\" data-widget_type=\"text-editor.default\">\n\t\t\t\t<div class=\"elementor-widget-container\">\n\t\t\t\t\t\t\t1. Semillas tostadas de sacha inchi (man\u00ed del inca), piel de naranja  confitada deshidratada. Frutos deshidratados: uva, frutilla y ar\u00e1ndano azul; empacado en funda de papel de ca\u00f1a, 30 g; vida \u00fatil del producto 6 meses en un ambiente fresco y seco.\n2. Trozos de pi\u00f1a en jugo de naranja 100% fruta sin colorante, conservantes ni saborizantes.350 g. (ideal para chocolater\u00eda, panader\u00eda  y reposter\u00eda); empacado en un frasco de vidrio. Vida \u00fatil del producto 1 mes en un ambiente fresco y seco.\n3. Trozos de c\u00e1scara de naranja confitada 350 g. (ideal para chocolater\u00eda, panader\u00eda y reposter\u00eda); empacado en un frasco de vidrio. Vida \u00fatil del producto 4 meses en un ambiente fresco y seco.\n*Embalaje: caja de cart\u00f3n. \n\t\t\t\t\t\t<\/div>\n\t\t\t\t<\/div>\n\t\t\t\t\t<\/div>\n\t\t<\/div>\n\t\t\t\t\t<\/div>\n\t\t<\/section>\n\t\t\t\t<section class=\"elementor-section elementor-top-section elementor-element elementor-element-e6ba9b6 elementor-section-boxed elementor-section-height-default elementor-section-height-default\" data-id=\"e6ba9b6\" data-element_type=\"section\">\n\t\t\t\t\t\t<div class=\"elementor-container elementor-column-gap-default\">\n\t\t\t\t\t<div class=\"elementor-column elementor-col-100 elementor-top-column elementor-element elementor-element-bc18260\" data-id=\"bc18260\" data-element_type=\"column\">\n\t\t\t<div class=\"elementor-widget-wrap elementor-element-populated\">\n\t\t\t\t\t\t<div class=\"elementor-element elementor-element-1a14693 elementor-widget elementor-widget-heading\" data-id=\"1a14693\" data-element_type=\"widget\" data-widget_type=\"heading.default\">\n\t\t\t\t<div class=\"elementor-widget-container\">\n\t\t\t<h4 class=\"elementor-heading-title elementor-size-default\">S\u00edguenos en nuestras redes sociales:<\/h4>\t\t<\/div>\n\t\t\t\t<\/div>\n\t\t\t\t<div class=\"elementor-element elementor-element-3c0b246 e-grid-align-left elementor-shape-rounded elementor-grid-0 elementor-widget elementor-widget-social-icons\" data-id=\"3c0b246\" data-element_type=\"widget\" data-widget_type=\"social-icons.default\">\n\t\t\t\t<div class=\"elementor-widget-container\">\n\t\t\t\t\t<div class=\"elementor-social-icons-wrapper elementor-grid\">\n\t\t\t\t\t\t\t<span class=\"elementor-grid-item\">\n\t\t\t\t\t<a class=\"elementor-icon elementor-social-icon elementor-social-icon-facebook elementor-repeater-item-01d2bab\" href=\"https:\/\/www.facebook.com\/ALIMMPLUS\/\" target=\"_blank\">\n\t\t\t\t\t\t<span class=\"elementor-screen-only\">Facebook<\/span>\n\t\t\t\t\t\t<i class=\"fab fa-facebook\"><\/i>\t\t\t\t\t<\/a>\n\t\t\t\t<\/span>\n\t\t\t\t\t\t\t<span class=\"elementor-grid-item\">\n\t\t\t\t\t<a class=\"elementor-icon elementor-social-icon elementor-social-icon-instagram elementor-repeater-item-8c6f8b0\" href=\"https:\/\/instagram.com\/alimmplus?igshid=MjEwN2IyYWYwYw\" target=\"_blank\">\n\t\t\t\t\t\t<span class=\"elementor-screen-only\">Instagram<\/span>\n\t\t\t\t\t\t<i class=\"fab fa-instagram\"><\/i>\t\t\t\t\t<\/a>\n\t\t\t\t<\/span>\n\t\t\t\t\t<\/div>\n\t\t\t\t<\/div>\n\t\t\t\t<\/div>\n\t\t\t\t<div class=\"elementor-element elementor-element-b6eac58 elementor-woo-meta--view-inline elementor-widget elementor-widget-woocommerce-product-meta\" data-id=\"b6eac58\" data-element_type=\"widget\" data-widget_type=\"woocommerce-product-meta.default\">\n\t\t\t\t<div class=\"elementor-widget-container\">\n\t\t\t\t\t<div class=\"product_meta\">\n\n\t\t\t\n\t\t\t\n\t\t\t\t\t\t\t<span class=\"posted_in detail-container\"><span class=\"detail-label\">Category<\/span> <span class=\"detail-content\"><a href=\"https:\/\/compraconproposito.ec\/vitrina-digital\/categoria\/empredimientos\/\" rel=\"tag\">empredimientos<\/a><\/span><\/span>\n\t\t\t\n\t\t\t\n\t\t\t\n\t\t<\/div>\n\t\t\t\t<\/div>\n\t\t\t\t<\/div>\n\t\t\t\t\t<\/div>\n\t\t<\/div>\n\t\t\t\t\t<\/div>\n\t\t<\/section>\n\t\t\t\t<\/div>\n\t\t","protected":false},"excerpt":{"rendered":"<p>Dos hermanas que crecieron en un n\u00facleo familiar de emprendedores, decidieron iniciar un proyecto uniendo sus conocimientos en base a una oportunidad que se present\u00f3 en el mercado de poder elaborar y desarrollar productos alimenticios. Durante el inicio del emprendimiento sucedieron situaciones dif\u00edciles en el \u00e1mbito personal y mundial, a pesar de que estos fueran motivos para detener el negocio, les ha impulsado el deseo de seguir trabajando y creciendo.<br \/>\nAlimmplus es una empresa dedicada a la elaboraci\u00f3n y comercializaci\u00f3n de conservas de frutas, confituras de c\u00e1scaras de c\u00edtricos; y snacks saludables a base de semillas de sacha inchi y frutas deshidratadas.<\/p>\n","protected":false},"featured_media":2385,"comment_status":"open","ping_status":"closed","template":"","meta":{"inline_featured_image":false,"_monsterinsights_skip_tracking":false,"_monsterinsights_sitenote_active":false,"_monsterinsights_sitenote_note":"","_monsterinsights_sitenote_category":0,"_uf_show_specific_survey":0,"_uf_disable_surveys":false,"site-sidebar-layout":"no-sidebar","site-content-layout":"page-builder","ast-site-content-layout":"","site-content-style":"default","site-sidebar-style":"default","ast-global-header-display":"","ast-banner-title-visibility":"","ast-main-header-display":"","ast-hfb-above-header-display":"","ast-hfb-below-header-display":"","ast-hfb-mobile-header-display":"","site-post-title":"disabled","ast-breadcrumbs-content":"","ast-featured-img":"disabled","footer-sml-layout":"","theme-transparent-header-meta":"default","adv-header-id-meta":"","stick-header-meta":"","header-above-stick-meta":"","header-main-stick-meta":"","header-below-stick-meta":"","astra-migrate-meta-layouts":"default","ast-page-background-enabled":"default","ast-page-background-meta":{"desktop":{"background-color":"var(--ast-global-color-4)","background-image":"","background-repeat":"repeat","background-position":"center center","background-size":"auto","background-attachment":"scroll","background-type":"","background-media":"","overlay-type":"","overlay-color":"","overlay-opacity":"","overlay-gradient":""},"tablet":{"background-color":"","background-image":"","background-repeat":"repeat","background-position":"center center","background-size":"auto","background-attachment":"scroll","background-type":"","background-media":"","overlay-type":"","overlay-color":"","overlay-opacity":"","overlay-gradient":""},"mobile":{"background-color":"","background-image":"","background-repeat":"repeat","background-position":"center center","background-size":"auto","background-attachment":"scroll","background-type":"","background-media":"","overlay-type":"","overlay-color":"","overlay-opacity":"","overlay-gradient":""}},"ast-content-background-meta":{"desktop":{"background-color":"var(--ast-global-color-5)","background-image":"","background-repeat":"repeat","background-position":"center center","background-size":"auto","background-attachment":"scroll","background-type":"","background-media":"","overlay-type":"","overlay-color":"","overlay-opacity":"","overlay-gradient":""},"tablet":{"background-color":"var(--ast-global-color-5)","background-image":"","background-repeat":"repeat","background-position":"center center","background-size":"auto","background-attachment":"scroll","background-type":"","background-media":"","overlay-type":"","overlay-color":"","overlay-opacity":"","overlay-gradient":""},"mobile":{"background-color":"var(--ast-global-color-5)","background-image":"","background-repeat":"repeat","background-position":"center center","background-size":"auto","background-attachment":"scroll","background-type":"","background-media":"","overlay-type":"","overlay-color":"","overlay-opacity":"","overlay-gradient":""}}},"product_cat":[32],"product_tag":[],"class_list":{"0":"post-1313","1":"product","2":"type-product","3":"status-publish","4":"has-post-thumbnail","6":"product_cat-empredimientos","7":"desktop-align-left","8":"tablet-align-left","9":"mobile-align-left","11":"first","12":"instock","13":"shipping-taxable","14":"product-type-simple"},"aioseo_notices":[],"_links":{"self":[{"href":"https:\/\/compraconproposito.ec\/vitrina-digital\/wp-json\/wp\/v2\/product\/1313"}],"collection":[{"href":"https:\/\/compraconproposito.ec\/vitrina-digital\/wp-json\/wp\/v2\/product"}],"about":[{"href":"https:\/\/compraconproposito.ec\/vitrina-digital\/wp-json\/wp\/v2\/types\/product"}],"replies":[{"embeddable":true,"href":"https:\/\/compraconproposito.ec\/vitrina-digital\/wp-json\/wp\/v2\/comments?post=1313"}],"version-history":[{"count":5,"href":"https:\/\/compraconproposito.ec\/vitrina-digital\/wp-json\/wp\/v2\/product\/1313\/revisions"}],"predecessor-version":[{"id":2386,"href":"https:\/\/compraconproposito.ec\/vitrina-digital\/wp-json\/wp\/v2\/product\/1313\/revisions\/2386"}],"wp:featuredmedia":[{"embeddable":true,"href":"https:\/\/compraconproposito.ec\/vitrina-digital\/wp-json\/wp\/v2\/media\/2385"}],"wp:attachment":[{"href":"https:\/\/compraconproposito.ec\/vitrina-digital\/wp-json\/wp\/v2\/media?parent=1313"}],"wp:term":[{"taxonomy":"product_cat","embeddable":true,"href":"https:\/\/compraconproposito.ec\/vitrina-digital\/wp-json\/wp\/v2\/product_cat?post=1313"},{"taxonomy":"product_tag","embeddable":true,"href":"https:\/\/compraconproposito.ec\/vitrina-digital\/wp-json\/wp\/v2\/product_tag?post=1313"}],"curies":[{"name":"wp","href":"https:\/\/api.w.org\/{rel}","templated":true}]}}