{"id":142,"date":"2023-06-25T18:39:53","date_gmt":"2023-06-25T18:39:53","guid":{"rendered":"https:\/\/clientes.kubekdigital.com\/crisfe\/?page_id=142"},"modified":"2023-12-05T21:50:50","modified_gmt":"2023-12-05T21:50:50","slug":"inicio","status":"publish","type":"page","link":"https:\/\/compraconproposito.ec\/vitrina-digital\/","title":{"rendered":"Inicio"},"content":{"rendered":"\t\t<div data-elementor-type=\"wp-page\" data-elementor-id=\"142\" class=\"elementor elementor-142\">\n\t\t\t\t\t\t<section class=\"elementor-section elementor-top-section elementor-element elementor-element-304ddbf elementor-section-full_width elementor-section-height-default elementor-section-height-default\" data-id=\"304ddbf\" data-element_type=\"section\">\n\t\t\t\t\t\t<div class=\"elementor-container elementor-column-gap-no\">\n\t\t\t\t\t<div class=\"elementor-column elementor-col-100 elementor-top-column elementor-element elementor-element-cad629e\" data-id=\"cad629e\" data-element_type=\"column\">\n\t\t\t<div class=\"elementor-widget-wrap elementor-element-populated\">\n\t\t\t\t\t\t<div class=\"elementor-element elementor-element-102be9f elementor--h-position-left elementor--v-position-middle elementor-arrows-position-inside elementor-pagination-position-inside elementor-widget elementor-widget-slides\" data-id=\"102be9f\" data-element_type=\"widget\" data-settings=\"{&quot;navigation&quot;:&quot;both&quot;,&quot;autoplay&quot;:&quot;yes&quot;,&quot;pause_on_hover&quot;:&quot;yes&quot;,&quot;pause_on_interaction&quot;:&quot;yes&quot;,&quot;autoplay_speed&quot;:5000,&quot;infinite&quot;:&quot;yes&quot;,&quot;transition&quot;:&quot;slide&quot;,&quot;transition_speed&quot;:500}\" data-widget_type=\"slides.default\">\n\t\t\t\t<div class=\"elementor-widget-container\">\n\t\t\t\t\t<div class=\"elementor-swiper\">\n\t\t\t<div class=\"elementor-slides-wrapper elementor-main-swiper swiper\" dir=\"ltr\" data-animation=\"fadeInUp\">\n\t\t\t\t<div class=\"swiper-wrapper elementor-slides\">\n\t\t\t\t\t\t\t\t\t\t<div class=\"elementor-repeater-item-772ccc8 swiper-slide\"><div class=\"swiper-slide-bg\"><\/div><div class=\"swiper-slide-inner\" ><div class=\"swiper-slide-contents\"><div class=\"elementor-slide-heading\">\u00a1Conoce la Vitrina Digital de Compra con Prop\u00f3sito!<\/div><a href=\"https:\/\/compraconproposito.ec\/vitrina-digital\/categoria\/productos\/#\" class=\"elementor-button elementor-slide-button elementor-size-sm\">CONOCE M\u00c1S<\/a><\/div><\/div><\/div><div class=\"elementor-repeater-item-c5c9b47 swiper-slide\"><div class=\"swiper-slide-bg\"><\/div><div class=\"swiper-slide-inner\" ><div class=\"swiper-slide-contents\"><div class=\"elementor-slide-heading\">Te presentamos la nueva tendencia en calzado<\/div><a href=\"https:\/\/compraconproposito.ec\/vitrina-digital\/categoria\/productos\/moda-textiles-y-accesorios\/\" class=\"elementor-button elementor-slide-button elementor-size-sm\">CONOCE M\u00c1S<\/a><\/div><\/div><\/div><div class=\"elementor-repeater-item-0daa827 swiper-slide\"><div class=\"swiper-slide-bg\"><\/div><div class=\"swiper-slide-inner\" ><div class=\"swiper-slide-contents\"><div class=\"elementor-slide-heading\">Conoce los regalos corporativos del Cat\u00e1logo de Navidad 2023<\/div><a href=\"https:\/\/data.unhcr.org\/en\/documents\/details\/95897\" class=\"elementor-button elementor-slide-button elementor-size-sm\">CONOCE M\u00c1S<\/a><\/div><\/div><\/div><div class=\"elementor-repeater-item-aca2b7d swiper-slide\"><div class=\"swiper-slide-bg\"><\/div><div class=\"swiper-slide-inner\" ><div class=\"swiper-slide-contents\"><div class=\"elementor-slide-heading\">Consumo responsable con el ambiente<\/div><a href=\"https:\/\/compraconproposito.ec\/vitrina-digital\/categoria\/productos\/alimentos\/\" class=\"elementor-button elementor-slide-button elementor-size-sm\">CONOCE M\u00c1S<\/a><\/div><\/div><\/div>\t\t\t\t<\/div>\n\t\t\t\t\t\t\t\t\t\t\t\t\t\t\t<div class=\"swiper-pagination\"><\/div>\n\t\t\t\t\t\t\t\t\t\t\t\t\t\t\t\t<div class=\"elementor-swiper-button elementor-swiper-button-prev\">\n\t\t\t\t\t\t\t<i aria-hidden=\"true\" class=\"eicon-chevron-left\"><\/i>\t\t\t\t\t\t\t<span class=\"elementor-screen-only\">Previous<\/span>\n\t\t\t\t\t\t<\/div>\n\t\t\t\t\t\t<div class=\"elementor-swiper-button elementor-swiper-button-next\">\n\t\t\t\t\t\t\t<i aria-hidden=\"true\" class=\"eicon-chevron-right\"><\/i>\t\t\t\t\t\t\t<span class=\"elementor-screen-only\">Next<\/span>\n\t\t\t\t\t\t<\/div>\n\t\t\t\t\t\t\t\t\t\t\t\t<\/div>\n\t\t<\/div>\n\t\t\t\t<\/div>\n\t\t\t\t<\/div>\n\t\t\t\t\t<\/div>\n\t\t<\/div>\n\t\t\t\t\t<\/div>\n\t\t<\/section>\n\t\t\t\t<section class=\"elementor-section elementor-top-section elementor-element elementor-element-ffcdad2 elementor-section-content-middle elementor-section-boxed elementor-section-height-default elementor-section-height-default\" data-id=\"ffcdad2\" data-element_type=\"section\">\n\t\t\t\t\t\t<div class=\"elementor-container elementor-column-gap-wider\">\n\t\t\t\t\t<div class=\"elementor-column elementor-col-50 elementor-top-column elementor-element elementor-element-e1df442\" data-id=\"e1df442\" data-element_type=\"column\">\n\t\t\t<div class=\"elementor-widget-wrap elementor-element-populated\">\n\t\t\t\t\t\t<div class=\"elementor-element elementor-element-b7f7387 elementor-widget elementor-widget-heading\" data-id=\"b7f7387\" data-element_type=\"widget\" data-widget_type=\"heading.default\">\n\t\t\t\t<div class=\"elementor-widget-container\">\n\t\t\t<h2 class=\"elementor-heading-title elementor-size-default\">Elige productos alineados con\ntus valores sociales<\/h2>\t\t<\/div>\n\t\t\t\t<\/div>\n\t\t\t\t<div class=\"elementor-element elementor-element-5a84cd6 elementor-widget elementor-widget-text-editor\" data-id=\"5a84cd6\" data-element_type=\"widget\" data-widget_type=\"text-editor.default\">\n\t\t\t\t<div class=\"elementor-widget-container\">\n\t\t\t\t\t\t\t<p><strong>Compra con Prop\u00f3sito<\/strong> es una iniciativa liderada por las Naciones Unidas en Ecuador, enmarcada dentro de los Objetivos de Desarrollo Sostenible. Buscamos fortalecer la comercializaci\u00f3n de productos y servicios de emprendedores que enfrentan situaciones de vulnerabilidad.<\/p><p>En esta <strong>vitrina digital<\/strong> encontrar\u00e1s una cuidadosa selecci\u00f3n de productos y servicios que representan historias de resiliencia, innovaci\u00f3n y pasi\u00f3n.<\/p><p>\u00a0<\/p><p>Respaldamos a emprendedores de todo el pa\u00eds: urbanos, rurales, mujeres, hombres, refugiados, migrantes y ecuatorianos. Al optar por estas alternativas, no s\u00f3lo adquieres art\u00edculos de calidad, sino que tambi\u00e9n contribuyes directamente al bienestar de comunidades locales, fomentando una econom\u00eda m\u00e1s inclusiva, sostenible y resiliente.<\/p>\t\t\t\t\t\t<\/div>\n\t\t\t\t<\/div>\n\t\t\t\t<div class=\"elementor-element elementor-element-92a37a7 elementor-align-right elementor-widget elementor-widget-button\" data-id=\"92a37a7\" data-element_type=\"widget\" data-widget_type=\"button.default\">\n\t\t\t\t<div class=\"elementor-widget-container\">\n\t\t\t\t\t<div class=\"elementor-button-wrapper\">\n\t\t\t<a class=\"elementor-button elementor-button-link elementor-size-sm elementor-animation-grow\" href=\"#\">\n\t\t\t\t\t\t<span class=\"elementor-button-content-wrapper\">\n\t\t\t\t\t\t\t\t\t<span class=\"elementor-button-text\">CONT\u00c1CTANOS<\/span>\n\t\t\t\t\t<\/span>\n\t\t\t\t\t<\/a>\n\t\t<\/div>\n\t\t\t\t<\/div>\n\t\t\t\t<\/div>\n\t\t\t\t\t<\/div>\n\t\t<\/div>\n\t\t\t\t<div class=\"elementor-column elementor-col-50 elementor-top-column elementor-element elementor-element-7867ace\" data-id=\"7867ace\" data-element_type=\"column\">\n\t\t\t<div class=\"elementor-widget-wrap elementor-element-populated\">\n\t\t\t\t\t\t<div class=\"elementor-element elementor-element-eb88b27 elementor-widget elementor-widget-image\" data-id=\"eb88b27\" data-element_type=\"widget\" data-widget_type=\"image.default\">\n\t\t\t\t<div class=\"elementor-widget-container\">\n\t\t\t\t\t\t\t\t\t\t\t\t\t<img fetchpriority=\"high\" decoding=\"async\" width=\"616\" height=\"666\" src=\"https:\/\/compraconproposito.ec\/vitrina-digital\/wp-content\/uploads\/2023\/10\/img.jpg\" class=\"attachment-large size-large wp-image-1113\" alt=\"\" srcset=\"https:\/\/compraconproposito.ec\/vitrina-digital\/wp-content\/uploads\/2023\/10\/img.jpg 616w, https:\/\/compraconproposito.ec\/vitrina-digital\/wp-content\/uploads\/2023\/10\/img-277x300.jpg 277w, https:\/\/compraconproposito.ec\/vitrina-digital\/wp-content\/uploads\/2023\/10\/img-22x24.jpg 22w, https:\/\/compraconproposito.ec\/vitrina-digital\/wp-content\/uploads\/2023\/10\/img-33x36.jpg 33w, https:\/\/compraconproposito.ec\/vitrina-digital\/wp-content\/uploads\/2023\/10\/img-44x48.jpg 44w, https:\/\/compraconproposito.ec\/vitrina-digital\/wp-content\/uploads\/2023\/10\/img-600x649.jpg 600w\" sizes=\"(max-width: 616px) 100vw, 616px\" \/>\t\t\t\t\t\t\t\t\t\t\t\t\t<\/div>\n\t\t\t\t<\/div>\n\t\t\t\t\t<\/div>\n\t\t<\/div>\n\t\t\t\t\t<\/div>\n\t\t<\/section>\n\t\t\t\t<section class=\"elementor-section elementor-top-section elementor-element elementor-element-6a928aa elementor-section-boxed elementor-section-height-default elementor-section-height-default\" data-id=\"6a928aa\" data-element_type=\"section\" data-settings=\"{&quot;background_background&quot;:&quot;classic&quot;}\">\n\t\t\t\t\t\t<div class=\"elementor-container elementor-column-gap-default\">\n\t\t\t\t\t<div class=\"elementor-column elementor-col-100 elementor-top-column elementor-element elementor-element-f7e3518\" data-id=\"f7e3518\" data-element_type=\"column\">\n\t\t\t<div class=\"elementor-widget-wrap elementor-element-populated\">\n\t\t\t\t\t\t<div class=\"elementor-element elementor-element-6227339 elementor-widget elementor-widget-heading\" data-id=\"6227339\" data-element_type=\"widget\" data-widget_type=\"heading.default\">\n\t\t\t\t<div class=\"elementor-widget-container\">\n\t\t\t<h2 class=\"elementor-heading-title elementor-size-default\">Conoce algunos beneficios de comprar con prop\u00f3sito<\/h2>\t\t<\/div>\n\t\t\t\t<\/div>\n\t\t\t\t<section class=\"elementor-section elementor-inner-section elementor-element elementor-element-fc414f9 items-beneficios elementor-section-boxed elementor-section-height-default elementor-section-height-default\" data-id=\"fc414f9\" data-element_type=\"section\">\n\t\t\t\t\t\t<div class=\"elementor-container elementor-column-gap-default\">\n\t\t\t\t\t<div class=\"elementor-column elementor-col-25 elementor-inner-column elementor-element elementor-element-5c24de8\" data-id=\"5c24de8\" data-element_type=\"column\" data-settings=\"{&quot;motion_fx_motion_fx_mouse&quot;:&quot;yes&quot;}\">\n\t\t\t<div class=\"elementor-widget-wrap elementor-element-populated\">\n\t\t\t\t\t\t<div class=\"elementor-element elementor-element-ec5c937 elementor-widget elementor-widget-image\" data-id=\"ec5c937\" data-element_type=\"widget\" data-widget_type=\"image.default\">\n\t\t\t\t<div class=\"elementor-widget-container\">\n\t\t\t\t\t\t\t\t\t\t\t\t\t<img decoding=\"async\" width=\"300\" height=\"300\" src=\"https:\/\/compraconproposito.ec\/vitrina-digital\/wp-content\/uploads\/2023\/06\/beneficio01.svg\" class=\"attachment-full size-full wp-image-168\" alt=\"\" \/>\t\t\t\t\t\t\t\t\t\t\t\t\t<\/div>\n\t\t\t\t<\/div>\n\t\t\t\t<div class=\"elementor-element elementor-element-263aa9b item-beneficios elementor-widget elementor-widget-text-editor\" data-id=\"263aa9b\" data-element_type=\"widget\" data-widget_type=\"text-editor.default\">\n\t\t\t\t<div class=\"elementor-widget-container\">\n\t\t\t\t\t\t\t<p>Apoya directamente a emprendedores y sus familias.<\/p>\t\t\t\t\t\t<\/div>\n\t\t\t\t<\/div>\n\t\t\t\t\t<\/div>\n\t\t<\/div>\n\t\t\t\t<div class=\"elementor-column elementor-col-25 elementor-inner-column elementor-element elementor-element-033e711\" data-id=\"033e711\" data-element_type=\"column\">\n\t\t\t<div class=\"elementor-widget-wrap elementor-element-populated\">\n\t\t\t\t\t\t<div class=\"elementor-element elementor-element-2a22f44 elementor-widget elementor-widget-image\" data-id=\"2a22f44\" data-element_type=\"widget\" data-widget_type=\"image.default\">\n\t\t\t\t<div class=\"elementor-widget-container\">\n\t\t\t\t\t\t\t\t\t\t\t\t\t<img decoding=\"async\" width=\"300\" height=\"300\" src=\"https:\/\/compraconproposito.ec\/vitrina-digital\/wp-content\/uploads\/2023\/07\/beneficio02.svg\" class=\"attachment-full size-full wp-image-189\" alt=\"\" \/>\t\t\t\t\t\t\t\t\t\t\t\t\t<\/div>\n\t\t\t\t<\/div>\n\t\t\t\t<div class=\"elementor-element elementor-element-f527ebb item-beneficios elementor-widget elementor-widget-text-editor\" data-id=\"f527ebb\" data-element_type=\"widget\" data-widget_type=\"text-editor.default\">\n\t\t\t\t<div class=\"elementor-widget-container\">\n\t\t\t\t\t\t\t<p>Acceso <br \/>facilitado <br \/>a productos <br \/>con prop\u00f3sito.<\/p>\t\t\t\t\t\t<\/div>\n\t\t\t\t<\/div>\n\t\t\t\t\t<\/div>\n\t\t<\/div>\n\t\t\t\t<div class=\"elementor-column elementor-col-25 elementor-inner-column elementor-element elementor-element-1e95843\" data-id=\"1e95843\" data-element_type=\"column\">\n\t\t\t<div class=\"elementor-widget-wrap elementor-element-populated\">\n\t\t\t\t\t\t<div class=\"elementor-element elementor-element-1772332 elementor-widget elementor-widget-image\" data-id=\"1772332\" data-element_type=\"widget\" data-widget_type=\"image.default\">\n\t\t\t\t<div class=\"elementor-widget-container\">\n\t\t\t\t\t\t\t\t\t\t\t\t\t<img loading=\"lazy\" decoding=\"async\" width=\"300\" height=\"300\" src=\"https:\/\/compraconproposito.ec\/vitrina-digital\/wp-content\/uploads\/2023\/07\/beneficio03.svg\" class=\"attachment-full size-full wp-image-190\" alt=\"\" \/>\t\t\t\t\t\t\t\t\t\t\t\t\t<\/div>\n\t\t\t\t<\/div>\n\t\t\t\t<div class=\"elementor-element elementor-element-8119e51 item-beneficios elementor-widget elementor-widget-text-editor\" data-id=\"8119e51\" data-element_type=\"widget\" data-widget_type=\"text-editor.default\">\n\t\t\t\t<div class=\"elementor-widget-container\">\n\t\t\t\t\t\t\t<p>Acompa\u00f1amos a comercios para implementaci\u00f3n de exhibidores inclusivos.<\/p>\t\t\t\t\t\t<\/div>\n\t\t\t\t<\/div>\n\t\t\t\t\t<\/div>\n\t\t<\/div>\n\t\t\t\t<div class=\"elementor-column elementor-col-25 elementor-inner-column elementor-element elementor-element-166d90f\" data-id=\"166d90f\" data-element_type=\"column\">\n\t\t\t<div class=\"elementor-widget-wrap elementor-element-populated\">\n\t\t\t\t\t\t<div class=\"elementor-element elementor-element-ff860cd elementor-widget elementor-widget-image\" data-id=\"ff860cd\" data-element_type=\"widget\" data-widget_type=\"image.default\">\n\t\t\t\t<div class=\"elementor-widget-container\">\n\t\t\t\t\t\t\t\t\t\t\t\t\t<img loading=\"lazy\" decoding=\"async\" width=\"300\" height=\"300\" src=\"https:\/\/compraconproposito.ec\/vitrina-digital\/wp-content\/uploads\/2023\/07\/beneficio04.svg\" class=\"attachment-full size-full wp-image-191\" alt=\"\" \/>\t\t\t\t\t\t\t\t\t\t\t\t\t<\/div>\n\t\t\t\t<\/div>\n\t\t\t\t<div class=\"elementor-element elementor-element-9fe85ae item-beneficios elementor-widget elementor-widget-text-editor\" data-id=\"9fe85ae\" data-element_type=\"widget\" data-widget_type=\"text-editor.default\">\n\t\t\t\t<div class=\"elementor-widget-container\">\n\t\t\t\t\t\t\t<p>Espacios seguros de comercializaci\u00f3n en mercados locales y nacionales.<\/p>\t\t\t\t\t\t<\/div>\n\t\t\t\t<\/div>\n\t\t\t\t\t<\/div>\n\t\t<\/div>\n\t\t\t\t\t<\/div>\n\t\t<\/section>\n\t\t\t\t\t<\/div>\n\t\t<\/div>\n\t\t\t\t\t<\/div>\n\t\t<\/section>\n\t\t\t\t<\/div>\n\t\t","protected":false},"excerpt":{"rendered":"<p>\u00a1Conoce la Vitrina Digital de Compra con Prop\u00f3sito!CONOCE M\u00c1STe presentamos la nueva tendencia en calzadoCONOCE M\u00c1SConoce los regalos corporativos del Cat\u00e1logo de Navidad 2023CONOCE M\u00c1SConsumo responsable con el ambienteCONOCE M\u00c1S Previous Next Elige productos alineados con tus valores sociales Compra con Prop\u00f3sito es una iniciativa liderada por las Naciones Unidas en Ecuador, enmarcada dentro de [&hellip;]<\/p>\n","protected":false},"author":1,"featured_media":0,"parent":0,"menu_order":0,"comment_status":"closed","ping_status":"closed","template":"","meta":{"inline_featured_image":false,"_monsterinsights_skip_tracking":false,"_monsterinsights_sitenote_active":false,"_monsterinsights_sitenote_note":"","_monsterinsights_sitenote_category":0,"_uf_show_specific_survey":0,"_uf_disable_surveys":false,"site-sidebar-layout":"no-sidebar","site-content-layout":"page-builder","ast-site-content-layout":"","site-content-style":"default","site-sidebar-style":"default","ast-global-header-display":"","ast-banner-title-visibility":"","ast-main-header-display":"","ast-hfb-above-header-display":"","ast-hfb-below-header-display":"","ast-hfb-mobile-header-display":"","site-post-title":"disabled","ast-breadcrumbs-content":"","ast-featured-img":"disabled","footer-sml-layout":"","theme-transparent-header-meta":"","adv-header-id-meta":"","stick-header-meta":"","header-above-stick-meta":"","header-main-stick-meta":"","header-below-stick-meta":"","astra-migrate-meta-layouts":"default","ast-page-background-enabled":"default","ast-page-background-meta":{"desktop":{"background-color":"var(--ast-global-color-4)","background-image":"","background-repeat":"repeat","background-position":"center center","background-size":"auto","background-attachment":"scroll","background-type":"","background-media":"","overlay-type":"","overlay-color":"","overlay-opacity":"","overlay-gradient":""},"tablet":{"background-color":"","background-image":"","background-repeat":"repeat","background-position":"center center","background-size":"auto","background-attachment":"scroll","background-type":"","background-media":"","overlay-type":"","overlay-color":"","overlay-opacity":"","overlay-gradient":""},"mobile":{"background-color":"","background-image":"","background-repeat":"repeat","background-position":"center center","background-size":"auto","background-attachment":"scroll","background-type":"","background-media":"","overlay-type":"","overlay-color":"","overlay-opacity":"","overlay-gradient":""}},"ast-content-background-meta":{"desktop":{"background-color":"var(--ast-global-color-5)","background-image":"","background-repeat":"repeat","background-position":"center center","background-size":"auto","background-attachment":"scroll","background-type":"","background-media":"","overlay-type":"","overlay-color":"","overlay-opacity":"","overlay-gradient":""},"tablet":{"background-color":"var(--ast-global-color-5)","background-image":"","background-repeat":"repeat","background-position":"center center","background-size":"auto","background-attachment":"scroll","background-type":"","background-media":"","overlay-type":"","overlay-color":"","overlay-opacity":"","overlay-gradient":""},"mobile":{"background-color":"var(--ast-global-color-5)","background-image":"","background-repeat":"repeat","background-position":"center center","background-size":"auto","background-attachment":"scroll","background-type":"","background-media":"","overlay-type":"","overlay-color":"","overlay-opacity":"","overlay-gradient":""}},"footnotes":""},"class_list":["post-142","page","type-page","status-publish","hentry"],"aioseo_notices":[],"_links":{"self":[{"href":"https:\/\/compraconproposito.ec\/vitrina-digital\/wp-json\/wp\/v2\/pages\/142"}],"collection":[{"href":"https:\/\/compraconproposito.ec\/vitrina-digital\/wp-json\/wp\/v2\/pages"}],"about":[{"href":"https:\/\/compraconproposito.ec\/vitrina-digital\/wp-json\/wp\/v2\/types\/page"}],"author":[{"embeddable":true,"href":"https:\/\/compraconproposito.ec\/vitrina-digital\/wp-json\/wp\/v2\/users\/1"}],"replies":[{"embeddable":true,"href":"https:\/\/compraconproposito.ec\/vitrina-digital\/wp-json\/wp\/v2\/comments?post=142"}],"version-history":[{"count":85,"href":"https:\/\/compraconproposito.ec\/vitrina-digital\/wp-json\/wp\/v2\/pages\/142\/revisions"}],"predecessor-version":[{"id":2304,"href":"https:\/\/compraconproposito.ec\/vitrina-digital\/wp-json\/wp\/v2\/pages\/142\/revisions\/2304"}],"wp:attachment":[{"href":"https:\/\/compraconproposito.ec\/vitrina-digital\/wp-json\/wp\/v2\/media?parent=142"}],"curies":[{"name":"wp","href":"https:\/\/api.w.org\/{rel}","templated":true}]}}